{"id":3767,"date":"2019-10-02T21:09:55","date_gmt":"2019-10-02T19:09:55","guid":{"rendered":"https:\/\/traduktos.de\/beglaubigte-uebersetzungen\/"},"modified":"2025-03-25T09:44:20","modified_gmt":"2025-03-25T08:44:20","slug":"certified-translations","status":"publish","type":"page","link":"https:\/\/traduktos.de\/en\/certified-translations\/","title":{"rendered":"Certified translations"},"content":{"rendered":"\t\t<div data-elementor-type=\"wp-page\" data-elementor-id=\"3767\" class=\"elementor elementor-3767 elementor-3343\">\n\t\t\t\t\t\t<section class=\"elementor-section elementor-top-section elementor-element elementor-element-30edd86e elementor-section-boxed elementor-section-height-default elementor-section-height-default\" data-id=\"30edd86e\" data-element_type=\"section\" data-e-type=\"section\" data-settings=\"{&quot;jet_parallax_layout_list&quot;:[{&quot;jet_parallax_layout_image&quot;:{&quot;url&quot;:&quot;&quot;,&quot;id&quot;:&quot;&quot;,&quot;size&quot;:&quot;&quot;},&quot;_id&quot;:&quot;44dfcf3&quot;,&quot;jet_parallax_layout_image_tablet&quot;:{&quot;url&quot;:&quot;&quot;,&quot;id&quot;:&quot;&quot;,&quot;size&quot;:&quot;&quot;},&quot;jet_parallax_layout_image_mobile&quot;:{&quot;url&quot;:&quot;&quot;,&quot;id&quot;:&quot;&quot;,&quot;size&quot;:&quot;&quot;},&quot;jet_parallax_layout_speed&quot;:{&quot;unit&quot;:&quot;%&quot;,&quot;size&quot;:50,&quot;sizes&quot;:[]},&quot;jet_parallax_layout_type&quot;:&quot;scroll&quot;,&quot;jet_parallax_layout_direction&quot;:&quot;1&quot;,&quot;jet_parallax_layout_fx_direction&quot;:null,&quot;jet_parallax_layout_z_index&quot;:&quot;&quot;,&quot;jet_parallax_layout_bg_x&quot;:50,&quot;jet_parallax_layout_bg_x_tablet&quot;:&quot;&quot;,&quot;jet_parallax_layout_bg_x_mobile&quot;:&quot;&quot;,&quot;jet_parallax_layout_bg_y&quot;:50,&quot;jet_parallax_layout_bg_y_tablet&quot;:&quot;&quot;,&quot;jet_parallax_layout_bg_y_mobile&quot;:&quot;&quot;,&quot;jet_parallax_layout_bg_size&quot;:&quot;auto&quot;,&quot;jet_parallax_layout_bg_size_tablet&quot;:&quot;&quot;,&quot;jet_parallax_layout_bg_size_mobile&quot;:&quot;&quot;,&quot;jet_parallax_layout_animation_prop&quot;:&quot;transform&quot;,&quot;jet_parallax_layout_on&quot;:[&quot;desktop&quot;,&quot;tablet&quot;]}]}\">\n\t\t\t\t\t\t<div class=\"elementor-container elementor-column-gap-default\">\n\t\t\t\t\t<div class=\"elementor-column elementor-col-50 elementor-top-column elementor-element elementor-element-40ba1533\" data-id=\"40ba1533\" data-element_type=\"column\" data-e-type=\"column\">\n\t\t\t<div class=\"elementor-widget-wrap elementor-element-populated\">\n\t\t\t\t\t\t<div class=\"elementor-element elementor-element-2b1cdf1b elementor-widget elementor-widget-text-editor\" data-id=\"2b1cdf1b\" data-element_type=\"widget\" data-e-type=\"widget\" data-widget_type=\"text-editor.default\">\n\t\t\t\t<div class=\"elementor-widget-container\">\n\t\t\t\t\t\t\t\t\t<h1 style=\"font-family: Poppins, sans-serif; color: #686868;\">CERTIFIED TRANSLATIONS<\/h1>\n<p>In actual fact these are \u201cconfirmed translations\u201d. The sworn translator confirms with his or her signature and stamp that the translation corresponds to the original text. These translations are used for official purposes, e.g. public authorities. Certified translations by translators who are sworn in by a German court are usually recognised all over the world.<\/p>\n<p>The documents in question include civil status certificates such as birth certificates, marriage certificates and divorce decrees but also school and university qualifications, certificates of good conduct and much more.<\/p>\n<p><br><\/p>\t\t\t\t\t\t\t\t<\/div>\n\t\t\t\t<\/div>\n\t\t\t\t<div class=\"elementor-element elementor-element-1bdc528 elementor-widget elementor-widget-heading\" data-id=\"1bdc528\" data-element_type=\"widget\" data-e-type=\"widget\" data-widget_type=\"heading.default\">\n\t\t\t\t<div class=\"elementor-widget-container\">\n\t\t\t\t\t<h2 class=\"elementor-heading-title elementor-size-default\">Examples of certified translations<\/h2>\t\t\t\t<\/div>\n\t\t\t\t<\/div>\n\t\t\t\t<div class=\"elementor-element elementor-element-5c02027 elementor-widget elementor-widget-text-editor\" data-id=\"5c02027\" data-element_type=\"widget\" data-e-type=\"widget\" data-widget_type=\"text-editor.default\">\n\t\t\t\t<div class=\"elementor-widget-container\">\n\t\t\t\t\t\t\t\t\t<ul>\n<li>Business documents<\/li>\n<li>Certificates of registration<\/li>\n<li>Court decisions and judgments<\/li>\n<li>Official documents<\/li>\n<li>Certificates<\/li>\n<li>Powers of attorney<\/li>\n<li>Certifications<\/li>\n<li>Documents from public authorities<\/li>\n<li>References or testimonials<\/li>\n<\/ul>\n<p>A certified translation is always needed if a text is to be officially valid when submitted to a court or to public authorities or institutions.<\/p>\n<p><strong>Differences between a \u201cnormal\u201d translation and a certified translation<\/strong><\/p>\n<p>A translation in general does not have to have a specific format, whilst a certified\/confirmed translation may only be produced by publicly appointed, sworn translators. The translators furnish the translation they have produced with a certification note, their certification stamp and their signature.<\/p>\n<p>Why not entrust me as the owner of Traduktos \u00dcbersetzungen with your certified translations, I will ensure the production of a legally sound, certified translation that you can rely on.<\/p>\t\t\t\t\t\t\t\t<\/div>\n\t\t\t\t<\/div>\n\t\t\t\t\t<\/div>\n\t\t<\/div>\n\t\t\t\t<div class=\"elementor-column elementor-col-50 elementor-top-column elementor-element elementor-element-685cbf9\" data-id=\"685cbf9\" data-element_type=\"column\" data-e-type=\"column\">\n\t\t\t<div class=\"elementor-widget-wrap elementor-element-populated\">\n\t\t\t\t\t\t<div class=\"elementor-element elementor-element-352035a elementor-widget elementor-widget-heading\" data-id=\"352035a\" data-element_type=\"widget\" data-e-type=\"widget\" data-widget_type=\"heading.default\">\n\t\t\t\t<div class=\"elementor-widget-container\">\n\t\t\t\t\t<h3 class=\"elementor-heading-title elementor-size-default\">The benefits to you<\/h3>\t\t\t\t<\/div>\n\t\t\t\t<\/div>\n\t\t\t\t<div class=\"elementor-element elementor-element-0b097ea elementor-icon-list--layout-traditional elementor-list-item-link-full_width elementor-widget elementor-widget-icon-list\" data-id=\"0b097ea\" data-element_type=\"widget\" data-e-type=\"widget\" data-widget_type=\"icon-list.default\">\n\t\t\t\t<div class=\"elementor-widget-container\">\n\t\t\t\t\t\t\t<ul class=\"elementor-icon-list-items\">\n\t\t\t\t\t\t\t<li class=\"elementor-icon-list-item\">\n\t\t\t\t\t\t\t\t\t\t\t<span class=\"elementor-icon-list-icon\">\n\t\t\t\t\t\t\t<i aria-hidden=\"true\" class=\"fas fa-check\"><\/i>\t\t\t\t\t\t<\/span>\n\t\t\t\t\t\t\t\t\t\t<span class=\"elementor-icon-list-text\">Personal consultation included<\/span>\n\t\t\t\t\t\t\t\t\t<\/li>\n\t\t\t\t\t\t\t\t<li class=\"elementor-icon-list-item\">\n\t\t\t\t\t\t\t\t\t\t\t<span class=\"elementor-icon-list-icon\">\n\t\t\t\t\t\t\t<i aria-hidden=\"true\" class=\"fas fa-check\"><\/i>\t\t\t\t\t\t<\/span>\n\t\t\t\t\t\t\t\t\t\t<span class=\"elementor-icon-list-text\">Many years of experience<\/span>\n\t\t\t\t\t\t\t\t\t<\/li>\n\t\t\t\t\t\t\t\t<li class=\"elementor-icon-list-item\">\n\t\t\t\t\t\t\t\t\t\t\t<span class=\"elementor-icon-list-icon\">\n\t\t\t\t\t\t\t<i aria-hidden=\"true\" class=\"fas fa-check\"><\/i>\t\t\t\t\t\t<\/span>\n\t\t\t\t\t\t\t\t\t\t<span class=\"elementor-icon-list-text\">Quality assurance <\/span>\n\t\t\t\t\t\t\t\t\t<\/li>\n\t\t\t\t\t\t\t\t<li class=\"elementor-icon-list-item\">\n\t\t\t\t\t\t\t\t\t\t\t<span class=\"elementor-icon-list-icon\">\n\t\t\t\t\t\t\t<i aria-hidden=\"true\" class=\"fas fa-check\"><\/i>\t\t\t\t\t\t<\/span>\n\t\t\t\t\t\t\t\t\t\t<span class=\"elementor-icon-list-text\">Adherence to deadlines<\/span>\n\t\t\t\t\t\t\t\t\t<\/li>\n\t\t\t\t\t\t<\/ul>\n\t\t\t\t\t\t<\/div>\n\t\t\t\t<\/div>\n\t\t\t\t<div class=\"elementor-element elementor-element-fe0d478 call-us elementor-widget elementor-widget-heading\" data-id=\"fe0d478\" data-element_type=\"widget\" data-e-type=\"widget\" data-widget_type=\"heading.default\">\n\t\t\t\t<div class=\"elementor-widget-container\">\n\t\t\t\t\t<h2 class=\"elementor-heading-title elementor-size-default\">Contact me<\/h2>\t\t\t\t<\/div>\n\t\t\t\t<\/div>\n\t\t\t\t<div class=\"elementor-element elementor-element-be1a469 call-us elementor-icon-list--layout-traditional elementor-list-item-link-full_width elementor-widget elementor-widget-icon-list\" data-id=\"be1a469\" data-element_type=\"widget\" data-e-type=\"widget\" data-widget_type=\"icon-list.default\">\n\t\t\t\t<div class=\"elementor-widget-container\">\n\t\t\t\t\t\t\t<ul class=\"elementor-icon-list-items\">\n\t\t\t\t\t\t\t<li class=\"elementor-icon-list-item\">\n\t\t\t\t\t\t\t\t\t\t\t<a href=\"mailto:info@traduktos.de\">\n\n\t\t\t\t\t\t\t\t\t\t\t\t<span class=\"elementor-icon-list-icon\">\n\t\t\t\t\t\t\t<i aria-hidden=\"true\" class=\"fas fa-envelope\"><\/i>\t\t\t\t\t\t<\/span>\n\t\t\t\t\t\t\t\t\t\t<span class=\"elementor-icon-list-text\">info@traduktos.de<\/span>\n\t\t\t\t\t\t\t\t\t\t\t<\/a>\n\t\t\t\t\t\t\t\t\t<\/li>\n\t\t\t\t\t\t\t\t<li class=\"elementor-icon-list-item\">\n\t\t\t\t\t\t\t\t\t\t\t<a href=\"tel:+491605563589\">\n\n\t\t\t\t\t\t\t\t\t\t\t\t<span class=\"elementor-icon-list-icon\">\n\t\t\t\t\t\t\t<i aria-hidden=\"true\" class=\"fas fa-phone-alt\"><\/i>\t\t\t\t\t\t<\/span>\n\t\t\t\t\t\t\t\t\t\t<span class=\"elementor-icon-list-text\">0160 55 63589<\/span>\n\t\t\t\t\t\t\t\t\t\t\t<\/a>\n\t\t\t\t\t\t\t\t\t<\/li>\n\t\t\t\t\t\t<\/ul>\n\t\t\t\t\t\t<\/div>\n\t\t\t\t<\/div>\n\t\t\t\t\t<\/div>\n\t\t<\/div>\n\t\t\t\t\t<\/div>\n\t\t<\/section>\n\t\t\t\t<section class=\"elementor-section elementor-top-section elementor-element elementor-element-33281406 elementor-section-stretched elementor-section-full_width elementor-section-height-default elementor-section-height-default\" data-id=\"33281406\" data-element_type=\"section\" data-e-type=\"section\" data-settings=\"{&quot;stretch_section&quot;:&quot;section-stretched&quot;,&quot;jet_parallax_layout_list&quot;:[{&quot;jet_parallax_layout_image&quot;:{&quot;url&quot;:&quot;&quot;,&quot;id&quot;:&quot;&quot;,&quot;size&quot;:&quot;&quot;},&quot;_id&quot;:&quot;ff5b920&quot;,&quot;jet_parallax_layout_image_tablet&quot;:{&quot;url&quot;:&quot;&quot;,&quot;id&quot;:&quot;&quot;,&quot;size&quot;:&quot;&quot;},&quot;jet_parallax_layout_image_mobile&quot;:{&quot;url&quot;:&quot;&quot;,&quot;id&quot;:&quot;&quot;,&quot;size&quot;:&quot;&quot;},&quot;jet_parallax_layout_speed&quot;:{&quot;unit&quot;:&quot;%&quot;,&quot;size&quot;:50,&quot;sizes&quot;:[]},&quot;jet_parallax_layout_type&quot;:&quot;scroll&quot;,&quot;jet_parallax_layout_direction&quot;:&quot;1&quot;,&quot;jet_parallax_layout_fx_direction&quot;:null,&quot;jet_parallax_layout_z_index&quot;:&quot;&quot;,&quot;jet_parallax_layout_bg_x&quot;:50,&quot;jet_parallax_layout_bg_x_tablet&quot;:&quot;&quot;,&quot;jet_parallax_layout_bg_x_mobile&quot;:&quot;&quot;,&quot;jet_parallax_layout_bg_y&quot;:50,&quot;jet_parallax_layout_bg_y_tablet&quot;:&quot;&quot;,&quot;jet_parallax_layout_bg_y_mobile&quot;:&quot;&quot;,&quot;jet_parallax_layout_bg_size&quot;:&quot;auto&quot;,&quot;jet_parallax_layout_bg_size_tablet&quot;:&quot;&quot;,&quot;jet_parallax_layout_bg_size_mobile&quot;:&quot;&quot;,&quot;jet_parallax_layout_animation_prop&quot;:&quot;transform&quot;,&quot;jet_parallax_layout_on&quot;:[&quot;desktop&quot;,&quot;tablet&quot;]}],&quot;background_background&quot;:&quot;classic&quot;}\">\n\t\t\t\t\t\t<div class=\"elementor-container elementor-column-gap-default\">\n\t\t\t\t\t<div class=\"elementor-column elementor-col-100 elementor-top-column elementor-element elementor-element-566000ba\" data-id=\"566000ba\" data-element_type=\"column\" data-e-type=\"column\">\n\t\t\t<div class=\"elementor-widget-wrap elementor-element-populated\">\n\t\t\t\t\t\t<div class=\"elementor-element elementor-element-5c1c9adb elementor-widget-divider--view-line elementor-widget elementor-widget-divider\" data-id=\"5c1c9adb\" data-element_type=\"widget\" data-e-type=\"widget\" data-widget_type=\"divider.default\">\n\t\t\t\t<div class=\"elementor-widget-container\">\n\t\t\t\t\t\t\t<div class=\"elementor-divider\">\n\t\t\t<span class=\"elementor-divider-separator\">\n\t\t\t\t\t\t<\/span>\n\t\t<\/div>\n\t\t\t\t\t\t<\/div>\n\t\t\t\t<\/div>\n\t\t\t\t\t<\/div>\n\t\t<\/div>\n\t\t\t\t\t<\/div>\n\t\t<\/section>\n\t\t\t\t<\/div>\n\t\t","protected":false},"excerpt":{"rendered":"<p>CERTIFIED TRANSLATIONS In actual fact these are \u201cconfirmed translations\u201d. The sworn translator confirms with his or her signature and stamp that the translation corresponds to the original text. These translations are used for official purposes, e.g. public authorities. Certified translations by translators who are sworn in by a German court are usually recognised all over [&hellip;]<\/p>\n","protected":false},"author":1,"featured_media":0,"parent":0,"menu_order":0,"comment_status":"closed","ping_status":"closed","template":"","meta":{"_acf_changed":false,"footnotes":""},"class_list":["post-3767","page","type-page","status-publish","hentry"],"acf":[],"yoast_head":"<!-- This site is optimized with the Yoast SEO plugin v27.2 - https:\/\/yoast.com\/product\/yoast-seo-wordpress\/ -->\n<title>Certified translations- personal professional advice \u2013 Traduktos Wedel-Hamburg<\/title>\n<meta name=\"description\" content=\"Certified translations with professional advice \u2013 Traduktos ensures accuracy and reliability - Traduktos Wedel-Hamburg\" \/>\n<meta name=\"robots\" content=\"index, follow, max-snippet:-1, max-image-preview:large, max-video-preview:-1\" \/>\n<link rel=\"canonical\" href=\"https:\/\/traduktos.de\/en\/certified-translations\/\" \/>\n<meta property=\"og:locale\" content=\"en_US\" \/>\n<meta property=\"og:type\" content=\"article\" \/>\n<meta property=\"og:title\" content=\"Certified translations- personal professional advice \u2013 Traduktos Wedel-Hamburg\" \/>\n<meta property=\"og:description\" content=\"Certified translations with professional advice \u2013 Traduktos ensures accuracy and reliability - Traduktos Wedel-Hamburg\" \/>\n<meta property=\"og:url\" content=\"https:\/\/traduktos.de\/en\/certified-translations\/\" \/>\n<meta property=\"og:site_name\" content=\"Traduktos \u00dcbersetzungen\" \/>\n<meta property=\"article:modified_time\" content=\"2025-03-25T08:44:20+00:00\" \/>\n<meta property=\"og:image\" content=\"https:\/\/traduktos.de\/wp-content\/uploads\/2023\/11\/Traduktos-Uebersetzungsbuero-Hamburg.jpg\" \/>\n\t<meta property=\"og:image:width\" content=\"1700\" \/>\n\t<meta property=\"og:image:height\" content=\"1134\" \/>\n\t<meta property=\"og:image:type\" content=\"image\/jpeg\" \/>\n<meta name=\"twitter:card\" content=\"summary_large_image\" \/>\n<meta name=\"twitter:label1\" content=\"Est. reading time\" \/>\n\t<meta name=\"twitter:data1\" content=\"2 minutes\" \/>\n<script type=\"application\/ld+json\" class=\"yoast-schema-graph\">{\"@context\":\"https:\/\/schema.org\",\"@graph\":[{\"@type\":\"WebPage\",\"@id\":\"https:\/\/traduktos.de\/en\/certified-translations\/\",\"url\":\"https:\/\/traduktos.de\/en\/certified-translations\/\",\"name\":\"Certified translations- personal professional advice \u2013 Traduktos Wedel-Hamburg\",\"isPartOf\":{\"@id\":\"https:\/\/traduktos.de\/#website\"},\"datePublished\":\"2019-10-02T19:09:55+00:00\",\"dateModified\":\"2025-03-25T08:44:20+00:00\",\"description\":\"Certified translations with professional advice \u2013 Traduktos ensures accuracy and reliability - Traduktos Wedel-Hamburg\",\"breadcrumb\":{\"@id\":\"https:\/\/traduktos.de\/en\/certified-translations\/#breadcrumb\"},\"inLanguage\":\"en-US\",\"potentialAction\":[{\"@type\":\"ReadAction\",\"target\":[\"https:\/\/traduktos.de\/en\/certified-translations\/\"]}]},{\"@type\":\"BreadcrumbList\",\"@id\":\"https:\/\/traduktos.de\/en\/certified-translations\/#breadcrumb\",\"itemListElement\":[{\"@type\":\"ListItem\",\"position\":1,\"name\":\"Startseite\",\"item\":\"https:\/\/traduktos.de\/\"},{\"@type\":\"ListItem\",\"position\":2,\"name\":\"Certified translations\"}]},{\"@type\":\"WebSite\",\"@id\":\"https:\/\/traduktos.de\/#website\",\"url\":\"https:\/\/traduktos.de\/\",\"name\":\"Traduktos \u00dcbersetzungen\",\"description\":\"\u00dcbersetzungsb\u00fcro f\u00fcr Englisch und Franz\u00f6sisch\",\"publisher\":{\"@id\":\"https:\/\/traduktos.de\/#organization\"},\"alternateName\":\"Traduktos \u00dcbersetzungen\",\"potentialAction\":[{\"@type\":\"SearchAction\",\"target\":{\"@type\":\"EntryPoint\",\"urlTemplate\":\"https:\/\/traduktos.de\/?s={search_term_string}\"},\"query-input\":{\"@type\":\"PropertyValueSpecification\",\"valueRequired\":true,\"valueName\":\"search_term_string\"}}],\"inLanguage\":\"en-US\"},{\"@type\":\"Organization\",\"@id\":\"https:\/\/traduktos.de\/#organization\",\"name\":\"Traduktos \u00dcbersetzungen\",\"alternateName\":\"Traduktos \u00dcbersetzungen\",\"url\":\"https:\/\/traduktos.de\/\",\"logo\":{\"@type\":\"ImageObject\",\"inLanguage\":\"en-US\",\"@id\":\"https:\/\/traduktos.de\/#\/schema\/logo\/image\/\",\"url\":\"https:\/\/traduktos.de\/wp-content\/uploads\/2023\/11\/Logo-Traduktos-quadratisch.png\",\"contentUrl\":\"https:\/\/traduktos.de\/wp-content\/uploads\/2023\/11\/Logo-Traduktos-quadratisch.png\",\"width\":500,\"height\":500,\"caption\":\"Traduktos \u00dcbersetzungen\"},\"image\":{\"@id\":\"https:\/\/traduktos.de\/#\/schema\/logo\/image\/\"}}]}<\/script>\n<!-- \/ Yoast SEO plugin. -->","yoast_head_json":{"title":"Certified translations- personal professional advice \u2013 Traduktos Wedel-Hamburg","description":"Certified translations with professional advice \u2013 Traduktos ensures accuracy and reliability - Traduktos Wedel-Hamburg","robots":{"index":"index","follow":"follow","max-snippet":"max-snippet:-1","max-image-preview":"max-image-preview:large","max-video-preview":"max-video-preview:-1"},"canonical":"https:\/\/traduktos.de\/en\/certified-translations\/","og_locale":"en_US","og_type":"article","og_title":"Certified translations- personal professional advice \u2013 Traduktos Wedel-Hamburg","og_description":"Certified translations with professional advice \u2013 Traduktos ensures accuracy and reliability - Traduktos Wedel-Hamburg","og_url":"https:\/\/traduktos.de\/en\/certified-translations\/","og_site_name":"Traduktos \u00dcbersetzungen","article_modified_time":"2025-03-25T08:44:20+00:00","og_image":[{"width":1700,"height":1134,"url":"https:\/\/traduktos.de\/wp-content\/uploads\/2023\/11\/Traduktos-Uebersetzungsbuero-Hamburg.jpg","type":"image\/jpeg"}],"twitter_card":"summary_large_image","twitter_misc":{"Est. reading time":"2 minutes"},"schema":{"@context":"https:\/\/schema.org","@graph":[{"@type":"WebPage","@id":"https:\/\/traduktos.de\/en\/certified-translations\/","url":"https:\/\/traduktos.de\/en\/certified-translations\/","name":"Certified translations- personal professional advice \u2013 Traduktos Wedel-Hamburg","isPartOf":{"@id":"https:\/\/traduktos.de\/#website"},"datePublished":"2019-10-02T19:09:55+00:00","dateModified":"2025-03-25T08:44:20+00:00","description":"Certified translations with professional advice \u2013 Traduktos ensures accuracy and reliability - Traduktos Wedel-Hamburg","breadcrumb":{"@id":"https:\/\/traduktos.de\/en\/certified-translations\/#breadcrumb"},"inLanguage":"en-US","potentialAction":[{"@type":"ReadAction","target":["https:\/\/traduktos.de\/en\/certified-translations\/"]}]},{"@type":"BreadcrumbList","@id":"https:\/\/traduktos.de\/en\/certified-translations\/#breadcrumb","itemListElement":[{"@type":"ListItem","position":1,"name":"Startseite","item":"https:\/\/traduktos.de\/"},{"@type":"ListItem","position":2,"name":"Certified translations"}]},{"@type":"WebSite","@id":"https:\/\/traduktos.de\/#website","url":"https:\/\/traduktos.de\/","name":"Traduktos \u00dcbersetzungen","description":"\u00dcbersetzungsb\u00fcro f\u00fcr Englisch und Franz\u00f6sisch","publisher":{"@id":"https:\/\/traduktos.de\/#organization"},"alternateName":"Traduktos \u00dcbersetzungen","potentialAction":[{"@type":"SearchAction","target":{"@type":"EntryPoint","urlTemplate":"https:\/\/traduktos.de\/?s={search_term_string}"},"query-input":{"@type":"PropertyValueSpecification","valueRequired":true,"valueName":"search_term_string"}}],"inLanguage":"en-US"},{"@type":"Organization","@id":"https:\/\/traduktos.de\/#organization","name":"Traduktos \u00dcbersetzungen","alternateName":"Traduktos \u00dcbersetzungen","url":"https:\/\/traduktos.de\/","logo":{"@type":"ImageObject","inLanguage":"en-US","@id":"https:\/\/traduktos.de\/#\/schema\/logo\/image\/","url":"https:\/\/traduktos.de\/wp-content\/uploads\/2023\/11\/Logo-Traduktos-quadratisch.png","contentUrl":"https:\/\/traduktos.de\/wp-content\/uploads\/2023\/11\/Logo-Traduktos-quadratisch.png","width":500,"height":500,"caption":"Traduktos \u00dcbersetzungen"},"image":{"@id":"https:\/\/traduktos.de\/#\/schema\/logo\/image\/"}}]}},"_links":{"self":[{"href":"https:\/\/traduktos.de\/en\/wp-json\/wp\/v2\/pages\/3767","targetHints":{"allow":["GET"]}}],"collection":[{"href":"https:\/\/traduktos.de\/en\/wp-json\/wp\/v2\/pages"}],"about":[{"href":"https:\/\/traduktos.de\/en\/wp-json\/wp\/v2\/types\/page"}],"author":[{"embeddable":true,"href":"https:\/\/traduktos.de\/en\/wp-json\/wp\/v2\/users\/1"}],"replies":[{"embeddable":true,"href":"https:\/\/traduktos.de\/en\/wp-json\/wp\/v2\/comments?post=3767"}],"version-history":[{"count":29,"href":"https:\/\/traduktos.de\/en\/wp-json\/wp\/v2\/pages\/3767\/revisions"}],"predecessor-version":[{"id":7010,"href":"https:\/\/traduktos.de\/en\/wp-json\/wp\/v2\/pages\/3767\/revisions\/7010"}],"wp:attachment":[{"href":"https:\/\/traduktos.de\/en\/wp-json\/wp\/v2\/media?parent=3767"}],"curies":[{"name":"wp","href":"https:\/\/api.w.org\/{rel}","templated":true}]}}