{"id":3771,"date":"2019-12-05T14:56:05","date_gmt":"2019-12-05T13:56:05","guid":{"rendered":"https:\/\/traduktos.de\/postediting\/"},"modified":"2025-03-19T10:14:59","modified_gmt":"2025-03-19T09:14:59","slug":"post-editing","status":"publish","type":"page","link":"https:\/\/traduktos.de\/en\/post-editing\/","title":{"rendered":"Post-editing"},"content":{"rendered":"\t\t<div data-elementor-type=\"wp-page\" data-elementor-id=\"3771\" class=\"elementor elementor-3771 elementor-3481\">\n\t\t\t\t\t\t<section class=\"elementor-section elementor-top-section elementor-element elementor-element-30edd86e elementor-section-boxed elementor-section-height-default elementor-section-height-default\" data-id=\"30edd86e\" data-element_type=\"section\" data-e-type=\"section\" data-settings=\"{&quot;jet_parallax_layout_list&quot;:[{&quot;jet_parallax_layout_image&quot;:{&quot;url&quot;:&quot;&quot;,&quot;id&quot;:&quot;&quot;,&quot;size&quot;:&quot;&quot;},&quot;_id&quot;:&quot;44dfcf3&quot;,&quot;jet_parallax_layout_image_tablet&quot;:{&quot;url&quot;:&quot;&quot;,&quot;id&quot;:&quot;&quot;,&quot;size&quot;:&quot;&quot;},&quot;jet_parallax_layout_image_mobile&quot;:{&quot;url&quot;:&quot;&quot;,&quot;id&quot;:&quot;&quot;,&quot;size&quot;:&quot;&quot;},&quot;jet_parallax_layout_speed&quot;:{&quot;unit&quot;:&quot;%&quot;,&quot;size&quot;:50,&quot;sizes&quot;:[]},&quot;jet_parallax_layout_type&quot;:&quot;scroll&quot;,&quot;jet_parallax_layout_direction&quot;:&quot;1&quot;,&quot;jet_parallax_layout_fx_direction&quot;:null,&quot;jet_parallax_layout_z_index&quot;:&quot;&quot;,&quot;jet_parallax_layout_bg_x&quot;:50,&quot;jet_parallax_layout_bg_x_tablet&quot;:&quot;&quot;,&quot;jet_parallax_layout_bg_x_mobile&quot;:&quot;&quot;,&quot;jet_parallax_layout_bg_y&quot;:50,&quot;jet_parallax_layout_bg_y_tablet&quot;:&quot;&quot;,&quot;jet_parallax_layout_bg_y_mobile&quot;:&quot;&quot;,&quot;jet_parallax_layout_bg_size&quot;:&quot;auto&quot;,&quot;jet_parallax_layout_bg_size_tablet&quot;:&quot;&quot;,&quot;jet_parallax_layout_bg_size_mobile&quot;:&quot;&quot;,&quot;jet_parallax_layout_animation_prop&quot;:&quot;transform&quot;,&quot;jet_parallax_layout_on&quot;:[&quot;desktop&quot;,&quot;tablet&quot;]}]}\">\n\t\t\t\t\t\t<div class=\"elementor-container elementor-column-gap-default\">\n\t\t\t\t\t<div class=\"elementor-column elementor-col-50 elementor-top-column elementor-element elementor-element-40ba1533\" data-id=\"40ba1533\" data-element_type=\"column\" data-e-type=\"column\">\n\t\t\t<div class=\"elementor-widget-wrap elementor-element-populated\">\n\t\t\t\t\t\t<div class=\"elementor-element elementor-element-2b1cdf1b elementor-widget elementor-widget-text-editor\" data-id=\"2b1cdf1b\" data-element_type=\"widget\" data-e-type=\"widget\" data-widget_type=\"text-editor.default\">\n\t\t\t\t<div class=\"elementor-widget-container\">\n\t\t\t\t\t\t\t\t\t<h1 style=\"font-family: Poppins, sans-serif; color: #686868;\">POST-EDITING<\/h1><p>Nowadays we as translators can also use machine translation in some fields. Its quality has dramatically improved over the past few years.<\/p><p>For these texts I offer you a post-editing service. Texts which have been pre-translated by machine are checked and post-edited by me. This can be invoiced for on an hourly basis or by the word.<\/p><p>It has to be decided on a case by case basis which texts are suitable for this service. Sensitive data for example is not suitable for this (unless transmitted in anonymised form), nor are creative or emotionally charged texts. With technical texts, for example, there is still the problem that the machine translation tools frequently do not translate technical terms consistently. There are a variety of texts where the human translator is still crucial to high quality and the post-editing of machine translations is not sufficient.<\/p><p>Should you be interested in this service and wish to send me a machine-translated text for post-editing, then please get in touch with me. If your text is suitable for this service, then considerable savings can be made compared with purely \u201chuman translations\u201d. It is helpful is you supply me with internal company style guides that contain specifications regarding the translations.<\/p><p>Other services in this section are \u201clight post-editing\u201d, where only a rough correction is made of the machine translation, and \u201cgisting\u201d, a summary of the content of your document in order to understand it approximately.<\/p>\t\t\t\t\t\t\t\t<\/div>\n\t\t\t\t<\/div>\n\t\t\t\t\t<\/div>\n\t\t<\/div>\n\t\t\t\t<div class=\"elementor-column elementor-col-50 elementor-top-column elementor-element elementor-element-b20070c\" data-id=\"b20070c\" data-element_type=\"column\" data-e-type=\"column\">\n\t\t\t<div class=\"elementor-widget-wrap elementor-element-populated\">\n\t\t\t\t\t\t<div class=\"elementor-element elementor-element-5286680 elementor-widget elementor-widget-heading\" data-id=\"5286680\" data-element_type=\"widget\" data-e-type=\"widget\" data-widget_type=\"heading.default\">\n\t\t\t\t<div class=\"elementor-widget-container\">\n\t\t\t\t\t<h3 class=\"elementor-heading-title elementor-size-default\">The benefits to you<\/h3>\t\t\t\t<\/div>\n\t\t\t\t<\/div>\n\t\t\t\t<div class=\"elementor-element elementor-element-b6f524a elementor-icon-list--layout-traditional elementor-list-item-link-full_width elementor-widget elementor-widget-icon-list\" data-id=\"b6f524a\" data-element_type=\"widget\" data-e-type=\"widget\" data-widget_type=\"icon-list.default\">\n\t\t\t\t<div class=\"elementor-widget-container\">\n\t\t\t\t\t\t\t<ul class=\"elementor-icon-list-items\">\n\t\t\t\t\t\t\t<li class=\"elementor-icon-list-item\">\n\t\t\t\t\t\t\t\t\t\t\t<span class=\"elementor-icon-list-icon\">\n\t\t\t\t\t\t\t<i aria-hidden=\"true\" class=\"fas fa-check\"><\/i>\t\t\t\t\t\t<\/span>\n\t\t\t\t\t\t\t\t\t\t<span class=\"elementor-icon-list-text\">Personal consultation included<\/span>\n\t\t\t\t\t\t\t\t\t<\/li>\n\t\t\t\t\t\t\t\t<li class=\"elementor-icon-list-item\">\n\t\t\t\t\t\t\t\t\t\t\t<span class=\"elementor-icon-list-icon\">\n\t\t\t\t\t\t\t<i aria-hidden=\"true\" class=\"fas fa-check\"><\/i>\t\t\t\t\t\t<\/span>\n\t\t\t\t\t\t\t\t\t\t<span class=\"elementor-icon-list-text\">Many years of experience<\/span>\n\t\t\t\t\t\t\t\t\t<\/li>\n\t\t\t\t\t\t\t\t<li class=\"elementor-icon-list-item\">\n\t\t\t\t\t\t\t\t\t\t\t<span class=\"elementor-icon-list-icon\">\n\t\t\t\t\t\t\t<i aria-hidden=\"true\" class=\"fas fa-check\"><\/i>\t\t\t\t\t\t<\/span>\n\t\t\t\t\t\t\t\t\t\t<span class=\"elementor-icon-list-text\">Quality assurance <\/span>\n\t\t\t\t\t\t\t\t\t<\/li>\n\t\t\t\t\t\t\t\t<li class=\"elementor-icon-list-item\">\n\t\t\t\t\t\t\t\t\t\t\t<span class=\"elementor-icon-list-icon\">\n\t\t\t\t\t\t\t<i aria-hidden=\"true\" class=\"fas fa-check\"><\/i>\t\t\t\t\t\t<\/span>\n\t\t\t\t\t\t\t\t\t\t<span class=\"elementor-icon-list-text\">Adherence to deadlines<\/span>\n\t\t\t\t\t\t\t\t\t<\/li>\n\t\t\t\t\t\t<\/ul>\n\t\t\t\t\t\t<\/div>\n\t\t\t\t<\/div>\n\t\t\t\t<div class=\"elementor-element elementor-element-8a05fed call-us elementor-widget elementor-widget-heading\" data-id=\"8a05fed\" data-element_type=\"widget\" data-e-type=\"widget\" data-widget_type=\"heading.default\">\n\t\t\t\t<div class=\"elementor-widget-container\">\n\t\t\t\t\t<h2 class=\"elementor-heading-title elementor-size-default\">Contact me<\/h2>\t\t\t\t<\/div>\n\t\t\t\t<\/div>\n\t\t\t\t<div class=\"elementor-element elementor-element-b432bd1 call-us elementor-icon-list--layout-traditional elementor-list-item-link-full_width elementor-widget elementor-widget-icon-list\" data-id=\"b432bd1\" data-element_type=\"widget\" data-e-type=\"widget\" data-widget_type=\"icon-list.default\">\n\t\t\t\t<div class=\"elementor-widget-container\">\n\t\t\t\t\t\t\t<ul class=\"elementor-icon-list-items\">\n\t\t\t\t\t\t\t<li class=\"elementor-icon-list-item\">\n\t\t\t\t\t\t\t\t\t\t\t<a href=\"mailto:info@traduktos.de\">\n\n\t\t\t\t\t\t\t\t\t\t\t\t<span class=\"elementor-icon-list-icon\">\n\t\t\t\t\t\t\t<i aria-hidden=\"true\" class=\"fas fa-envelope\"><\/i>\t\t\t\t\t\t<\/span>\n\t\t\t\t\t\t\t\t\t\t<span class=\"elementor-icon-list-text\">info@traduktos.de<\/span>\n\t\t\t\t\t\t\t\t\t\t\t<\/a>\n\t\t\t\t\t\t\t\t\t<\/li>\n\t\t\t\t\t\t\t\t<li class=\"elementor-icon-list-item\">\n\t\t\t\t\t\t\t\t\t\t\t<a href=\"tel:+491605563589\">\n\n\t\t\t\t\t\t\t\t\t\t\t\t<span class=\"elementor-icon-list-icon\">\n\t\t\t\t\t\t\t<i aria-hidden=\"true\" class=\"fas fa-phone-alt\"><\/i>\t\t\t\t\t\t<\/span>\n\t\t\t\t\t\t\t\t\t\t<span class=\"elementor-icon-list-text\">0160 55 63589<\/span>\n\t\t\t\t\t\t\t\t\t\t\t<\/a>\n\t\t\t\t\t\t\t\t\t<\/li>\n\t\t\t\t\t\t<\/ul>\n\t\t\t\t\t\t<\/div>\n\t\t\t\t<\/div>\n\t\t\t\t\t<\/div>\n\t\t<\/div>\n\t\t\t\t\t<\/div>\n\t\t<\/section>\n\t\t\t\t<section class=\"elementor-section elementor-top-section elementor-element elementor-element-e37a03a elementor-section-stretched elementor-section-full_width elementor-section-height-min-height elementor-section-height-default elementor-section-items-middle\" data-id=\"e37a03a\" data-element_type=\"section\" data-e-type=\"section\" data-settings=\"{&quot;stretch_section&quot;:&quot;section-stretched&quot;,&quot;jet_parallax_layout_list&quot;:[{&quot;jet_parallax_layout_image&quot;:{&quot;url&quot;:&quot;&quot;,&quot;id&quot;:&quot;&quot;,&quot;size&quot;:&quot;&quot;},&quot;_id&quot;:&quot;ff5b920&quot;,&quot;jet_parallax_layout_image_tablet&quot;:{&quot;url&quot;:&quot;&quot;,&quot;id&quot;:&quot;&quot;,&quot;size&quot;:&quot;&quot;},&quot;jet_parallax_layout_image_mobile&quot;:{&quot;url&quot;:&quot;&quot;,&quot;id&quot;:&quot;&quot;,&quot;size&quot;:&quot;&quot;},&quot;jet_parallax_layout_speed&quot;:{&quot;unit&quot;:&quot;%&quot;,&quot;size&quot;:50,&quot;sizes&quot;:[]},&quot;jet_parallax_layout_type&quot;:&quot;scroll&quot;,&quot;jet_parallax_layout_direction&quot;:&quot;1&quot;,&quot;jet_parallax_layout_fx_direction&quot;:null,&quot;jet_parallax_layout_z_index&quot;:&quot;&quot;,&quot;jet_parallax_layout_bg_x&quot;:50,&quot;jet_parallax_layout_bg_x_tablet&quot;:&quot;&quot;,&quot;jet_parallax_layout_bg_x_mobile&quot;:&quot;&quot;,&quot;jet_parallax_layout_bg_y&quot;:50,&quot;jet_parallax_layout_bg_y_tablet&quot;:&quot;&quot;,&quot;jet_parallax_layout_bg_y_mobile&quot;:&quot;&quot;,&quot;jet_parallax_layout_bg_size&quot;:&quot;auto&quot;,&quot;jet_parallax_layout_bg_size_tablet&quot;:&quot;&quot;,&quot;jet_parallax_layout_bg_size_mobile&quot;:&quot;&quot;,&quot;jet_parallax_layout_animation_prop&quot;:&quot;transform&quot;,&quot;jet_parallax_layout_on&quot;:[&quot;desktop&quot;,&quot;tablet&quot;]}],&quot;background_background&quot;:&quot;classic&quot;}\">\n\t\t\t\t\t\t<div class=\"elementor-container elementor-column-gap-default\">\n\t\t\t\t\t<div class=\"elementor-column elementor-col-100 elementor-top-column elementor-element elementor-element-ee924f5\" data-id=\"ee924f5\" data-element_type=\"column\" data-e-type=\"column\">\n\t\t\t<div class=\"elementor-widget-wrap elementor-element-populated\">\n\t\t\t\t\t\t<div class=\"elementor-element elementor-element-038ad01 elementor-widget-divider--view-line elementor-widget elementor-widget-divider\" data-id=\"038ad01\" data-element_type=\"widget\" data-e-type=\"widget\" data-widget_type=\"divider.default\">\n\t\t\t\t<div class=\"elementor-widget-container\">\n\t\t\t\t\t\t\t<div class=\"elementor-divider\">\n\t\t\t<span class=\"elementor-divider-separator\">\n\t\t\t\t\t\t<\/span>\n\t\t<\/div>\n\t\t\t\t\t\t<\/div>\n\t\t\t\t<\/div>\n\t\t\t\t\t<\/div>\n\t\t<\/div>\n\t\t\t\t\t<\/div>\n\t\t<\/section>\n\t\t\t\t<\/div>\n\t\t","protected":false},"excerpt":{"rendered":"<p>POST-EDITING Nowadays we as translators can also use machine translation in some fields. Its quality has dramatically improved over the past few years. For these texts I offer you a post-editing service. Texts which have been pre-translated by machine are checked and post-edited by me. This can be invoiced for on an hourly basis or [&hellip;]<\/p>\n","protected":false},"author":1,"featured_media":0,"parent":0,"menu_order":0,"comment_status":"closed","ping_status":"closed","template":"","meta":{"_acf_changed":false,"footnotes":""},"class_list":["post-3771","page","type-page","status-publish","hentry"],"acf":[],"yoast_head":"<!-- This site is optimized with the Yoast SEO plugin v27.2 - https:\/\/yoast.com\/product\/yoast-seo-wordpress\/ -->\n<title>Post-editing -Professional translations \u2013 Traduktos Hamburg-Wedel<\/title>\n<meta name=\"description\" content=\"In some fields we can offer post-editing for machine translations - professional translations by Traduktos\" \/>\n<meta name=\"robots\" content=\"index, follow, max-snippet:-1, max-image-preview:large, max-video-preview:-1\" \/>\n<link rel=\"canonical\" href=\"https:\/\/traduktos.de\/en\/post-editing\/\" \/>\n<meta property=\"og:locale\" content=\"en_US\" \/>\n<meta property=\"og:type\" content=\"article\" \/>\n<meta property=\"og:title\" content=\"Post-editing -Professional translations \u2013 Traduktos Hamburg-Wedel\" \/>\n<meta property=\"og:description\" content=\"In some fields we can offer post-editing for machine translations - professional translations by Traduktos\" \/>\n<meta property=\"og:url\" content=\"https:\/\/traduktos.de\/en\/post-editing\/\" \/>\n<meta property=\"og:site_name\" content=\"Traduktos \u00dcbersetzungen\" \/>\n<meta property=\"article:modified_time\" content=\"2025-03-19T09:14:59+00:00\" \/>\n<meta property=\"og:image\" content=\"https:\/\/traduktos.de\/wp-content\/uploads\/2023\/11\/Traduktos-Uebersetzungsbuero-Hamburg.jpg\" \/>\n\t<meta property=\"og:image:width\" content=\"1700\" \/>\n\t<meta property=\"og:image:height\" content=\"1134\" \/>\n\t<meta property=\"og:image:type\" content=\"image\/jpeg\" \/>\n<meta name=\"twitter:card\" content=\"summary_large_image\" \/>\n<meta name=\"twitter:label1\" content=\"Est. reading time\" \/>\n\t<meta name=\"twitter:data1\" content=\"2 minutes\" \/>\n<script type=\"application\/ld+json\" class=\"yoast-schema-graph\">{\"@context\":\"https:\/\/schema.org\",\"@graph\":[{\"@type\":\"WebPage\",\"@id\":\"https:\/\/traduktos.de\/en\/post-editing\/\",\"url\":\"https:\/\/traduktos.de\/en\/post-editing\/\",\"name\":\"Post-editing -Professional translations \u2013 Traduktos Hamburg-Wedel\",\"isPartOf\":{\"@id\":\"https:\/\/traduktos.de\/#website\"},\"datePublished\":\"2019-12-05T13:56:05+00:00\",\"dateModified\":\"2025-03-19T09:14:59+00:00\",\"description\":\"In some fields we can offer post-editing for machine translations - professional translations by Traduktos\",\"breadcrumb\":{\"@id\":\"https:\/\/traduktos.de\/en\/post-editing\/#breadcrumb\"},\"inLanguage\":\"en-US\",\"potentialAction\":[{\"@type\":\"ReadAction\",\"target\":[\"https:\/\/traduktos.de\/en\/post-editing\/\"]}]},{\"@type\":\"BreadcrumbList\",\"@id\":\"https:\/\/traduktos.de\/en\/post-editing\/#breadcrumb\",\"itemListElement\":[{\"@type\":\"ListItem\",\"position\":1,\"name\":\"Startseite\",\"item\":\"https:\/\/traduktos.de\/\"},{\"@type\":\"ListItem\",\"position\":2,\"name\":\"Post-editing\"}]},{\"@type\":\"WebSite\",\"@id\":\"https:\/\/traduktos.de\/#website\",\"url\":\"https:\/\/traduktos.de\/\",\"name\":\"Traduktos \u00dcbersetzungen\",\"description\":\"\u00dcbersetzungsb\u00fcro f\u00fcr Englisch und Franz\u00f6sisch\",\"publisher\":{\"@id\":\"https:\/\/traduktos.de\/#organization\"},\"alternateName\":\"Traduktos \u00dcbersetzungen\",\"potentialAction\":[{\"@type\":\"SearchAction\",\"target\":{\"@type\":\"EntryPoint\",\"urlTemplate\":\"https:\/\/traduktos.de\/?s={search_term_string}\"},\"query-input\":{\"@type\":\"PropertyValueSpecification\",\"valueRequired\":true,\"valueName\":\"search_term_string\"}}],\"inLanguage\":\"en-US\"},{\"@type\":\"Organization\",\"@id\":\"https:\/\/traduktos.de\/#organization\",\"name\":\"Traduktos \u00dcbersetzungen\",\"alternateName\":\"Traduktos \u00dcbersetzungen\",\"url\":\"https:\/\/traduktos.de\/\",\"logo\":{\"@type\":\"ImageObject\",\"inLanguage\":\"en-US\",\"@id\":\"https:\/\/traduktos.de\/#\/schema\/logo\/image\/\",\"url\":\"https:\/\/traduktos.de\/wp-content\/uploads\/2023\/11\/Logo-Traduktos-quadratisch.png\",\"contentUrl\":\"https:\/\/traduktos.de\/wp-content\/uploads\/2023\/11\/Logo-Traduktos-quadratisch.png\",\"width\":500,\"height\":500,\"caption\":\"Traduktos \u00dcbersetzungen\"},\"image\":{\"@id\":\"https:\/\/traduktos.de\/#\/schema\/logo\/image\/\"}}]}<\/script>\n<!-- \/ Yoast SEO plugin. -->","yoast_head_json":{"title":"Post-editing -Professional translations \u2013 Traduktos Hamburg-Wedel","description":"In some fields we can offer post-editing for machine translations - professional translations by Traduktos","robots":{"index":"index","follow":"follow","max-snippet":"max-snippet:-1","max-image-preview":"max-image-preview:large","max-video-preview":"max-video-preview:-1"},"canonical":"https:\/\/traduktos.de\/en\/post-editing\/","og_locale":"en_US","og_type":"article","og_title":"Post-editing -Professional translations \u2013 Traduktos Hamburg-Wedel","og_description":"In some fields we can offer post-editing for machine translations - professional translations by Traduktos","og_url":"https:\/\/traduktos.de\/en\/post-editing\/","og_site_name":"Traduktos \u00dcbersetzungen","article_modified_time":"2025-03-19T09:14:59+00:00","og_image":[{"width":1700,"height":1134,"url":"https:\/\/traduktos.de\/wp-content\/uploads\/2023\/11\/Traduktos-Uebersetzungsbuero-Hamburg.jpg","type":"image\/jpeg"}],"twitter_card":"summary_large_image","twitter_misc":{"Est. reading time":"2 minutes"},"schema":{"@context":"https:\/\/schema.org","@graph":[{"@type":"WebPage","@id":"https:\/\/traduktos.de\/en\/post-editing\/","url":"https:\/\/traduktos.de\/en\/post-editing\/","name":"Post-editing -Professional translations \u2013 Traduktos Hamburg-Wedel","isPartOf":{"@id":"https:\/\/traduktos.de\/#website"},"datePublished":"2019-12-05T13:56:05+00:00","dateModified":"2025-03-19T09:14:59+00:00","description":"In some fields we can offer post-editing for machine translations - professional translations by Traduktos","breadcrumb":{"@id":"https:\/\/traduktos.de\/en\/post-editing\/#breadcrumb"},"inLanguage":"en-US","potentialAction":[{"@type":"ReadAction","target":["https:\/\/traduktos.de\/en\/post-editing\/"]}]},{"@type":"BreadcrumbList","@id":"https:\/\/traduktos.de\/en\/post-editing\/#breadcrumb","itemListElement":[{"@type":"ListItem","position":1,"name":"Startseite","item":"https:\/\/traduktos.de\/"},{"@type":"ListItem","position":2,"name":"Post-editing"}]},{"@type":"WebSite","@id":"https:\/\/traduktos.de\/#website","url":"https:\/\/traduktos.de\/","name":"Traduktos \u00dcbersetzungen","description":"\u00dcbersetzungsb\u00fcro f\u00fcr Englisch und Franz\u00f6sisch","publisher":{"@id":"https:\/\/traduktos.de\/#organization"},"alternateName":"Traduktos \u00dcbersetzungen","potentialAction":[{"@type":"SearchAction","target":{"@type":"EntryPoint","urlTemplate":"https:\/\/traduktos.de\/?s={search_term_string}"},"query-input":{"@type":"PropertyValueSpecification","valueRequired":true,"valueName":"search_term_string"}}],"inLanguage":"en-US"},{"@type":"Organization","@id":"https:\/\/traduktos.de\/#organization","name":"Traduktos \u00dcbersetzungen","alternateName":"Traduktos \u00dcbersetzungen","url":"https:\/\/traduktos.de\/","logo":{"@type":"ImageObject","inLanguage":"en-US","@id":"https:\/\/traduktos.de\/#\/schema\/logo\/image\/","url":"https:\/\/traduktos.de\/wp-content\/uploads\/2023\/11\/Logo-Traduktos-quadratisch.png","contentUrl":"https:\/\/traduktos.de\/wp-content\/uploads\/2023\/11\/Logo-Traduktos-quadratisch.png","width":500,"height":500,"caption":"Traduktos \u00dcbersetzungen"},"image":{"@id":"https:\/\/traduktos.de\/#\/schema\/logo\/image\/"}}]}},"_links":{"self":[{"href":"https:\/\/traduktos.de\/en\/wp-json\/wp\/v2\/pages\/3771","targetHints":{"allow":["GET"]}}],"collection":[{"href":"https:\/\/traduktos.de\/en\/wp-json\/wp\/v2\/pages"}],"about":[{"href":"https:\/\/traduktos.de\/en\/wp-json\/wp\/v2\/types\/page"}],"author":[{"embeddable":true,"href":"https:\/\/traduktos.de\/en\/wp-json\/wp\/v2\/users\/1"}],"replies":[{"embeddable":true,"href":"https:\/\/traduktos.de\/en\/wp-json\/wp\/v2\/comments?post=3771"}],"version-history":[{"count":25,"href":"https:\/\/traduktos.de\/en\/wp-json\/wp\/v2\/pages\/3771\/revisions"}],"predecessor-version":[{"id":6947,"href":"https:\/\/traduktos.de\/en\/wp-json\/wp\/v2\/pages\/3771\/revisions\/6947"}],"wp:attachment":[{"href":"https:\/\/traduktos.de\/en\/wp-json\/wp\/v2\/media?parent=3771"}],"curies":[{"name":"wp","href":"https:\/\/api.w.org\/{rel}","templated":true}]}}