{"id":3795,"date":"2015-07-10T18:10:00","date_gmt":"2015-07-10T16:10:00","guid":{"rendered":"https:\/\/traduktos.de\/impressum\/"},"modified":"2025-03-13T12:26:21","modified_gmt":"2025-03-13T11:26:21","slug":"legal-information","status":"publish","type":"page","link":"https:\/\/traduktos.de\/en\/legal-information\/","title":{"rendered":"Legal information"},"content":{"rendered":"\t\t<div data-elementor-type=\"wp-post\" data-elementor-id=\"3795\" class=\"elementor elementor-3795 elementor-2385\">\n\t\t\t\t\t\t<section class=\"elementor-section elementor-top-section elementor-element elementor-element-dab5f9b elementor-section-boxed elementor-section-height-default elementor-section-height-default\" data-id=\"dab5f9b\" data-element_type=\"section\" data-e-type=\"section\" data-settings=\"{&quot;jet_parallax_layout_list&quot;:[{&quot;jet_parallax_layout_image&quot;:{&quot;url&quot;:&quot;&quot;,&quot;id&quot;:&quot;&quot;,&quot;size&quot;:&quot;&quot;},&quot;_id&quot;:&quot;5c664ce&quot;,&quot;jet_parallax_layout_image_tablet&quot;:{&quot;url&quot;:&quot;&quot;,&quot;id&quot;:&quot;&quot;,&quot;size&quot;:&quot;&quot;},&quot;jet_parallax_layout_image_mobile&quot;:{&quot;url&quot;:&quot;&quot;,&quot;id&quot;:&quot;&quot;,&quot;size&quot;:&quot;&quot;},&quot;jet_parallax_layout_speed&quot;:{&quot;unit&quot;:&quot;%&quot;,&quot;size&quot;:50,&quot;sizes&quot;:[]},&quot;jet_parallax_layout_type&quot;:&quot;scroll&quot;,&quot;jet_parallax_layout_direction&quot;:&quot;1&quot;,&quot;jet_parallax_layout_fx_direction&quot;:null,&quot;jet_parallax_layout_z_index&quot;:&quot;&quot;,&quot;jet_parallax_layout_bg_x&quot;:50,&quot;jet_parallax_layout_bg_x_tablet&quot;:&quot;&quot;,&quot;jet_parallax_layout_bg_x_mobile&quot;:&quot;&quot;,&quot;jet_parallax_layout_bg_y&quot;:50,&quot;jet_parallax_layout_bg_y_tablet&quot;:&quot;&quot;,&quot;jet_parallax_layout_bg_y_mobile&quot;:&quot;&quot;,&quot;jet_parallax_layout_bg_size&quot;:&quot;auto&quot;,&quot;jet_parallax_layout_bg_size_tablet&quot;:&quot;&quot;,&quot;jet_parallax_layout_bg_size_mobile&quot;:&quot;&quot;,&quot;jet_parallax_layout_animation_prop&quot;:&quot;transform&quot;,&quot;jet_parallax_layout_on&quot;:[&quot;desktop&quot;,&quot;tablet&quot;]}]}\">\n\t\t\t\t\t\t<div class=\"elementor-container elementor-column-gap-default\">\n\t\t\t\t\t<div class=\"elementor-column elementor-col-100 elementor-top-column elementor-element elementor-element-67e97c7\" data-id=\"67e97c7\" data-element_type=\"column\" data-e-type=\"column\">\n\t\t\t<div class=\"elementor-widget-wrap elementor-element-populated\">\n\t\t\t\t\t\t<section class=\"elementor-section elementor-inner-section elementor-element elementor-element-98ae87e elementor-section-boxed elementor-section-height-default elementor-section-height-default\" data-id=\"98ae87e\" data-element_type=\"section\" data-e-type=\"section\" data-settings=\"{&quot;jet_parallax_layout_list&quot;:[{&quot;jet_parallax_layout_image&quot;:{&quot;url&quot;:&quot;&quot;,&quot;id&quot;:&quot;&quot;,&quot;size&quot;:&quot;&quot;},&quot;_id&quot;:&quot;5ee5e5d&quot;,&quot;jet_parallax_layout_image_tablet&quot;:{&quot;url&quot;:&quot;&quot;,&quot;id&quot;:&quot;&quot;,&quot;size&quot;:&quot;&quot;},&quot;jet_parallax_layout_image_mobile&quot;:{&quot;url&quot;:&quot;&quot;,&quot;id&quot;:&quot;&quot;,&quot;size&quot;:&quot;&quot;},&quot;jet_parallax_layout_speed&quot;:{&quot;unit&quot;:&quot;%&quot;,&quot;size&quot;:50,&quot;sizes&quot;:[]},&quot;jet_parallax_layout_type&quot;:&quot;scroll&quot;,&quot;jet_parallax_layout_direction&quot;:&quot;1&quot;,&quot;jet_parallax_layout_fx_direction&quot;:null,&quot;jet_parallax_layout_z_index&quot;:&quot;&quot;,&quot;jet_parallax_layout_bg_x&quot;:50,&quot;jet_parallax_layout_bg_x_tablet&quot;:&quot;&quot;,&quot;jet_parallax_layout_bg_x_mobile&quot;:&quot;&quot;,&quot;jet_parallax_layout_bg_y&quot;:50,&quot;jet_parallax_layout_bg_y_tablet&quot;:&quot;&quot;,&quot;jet_parallax_layout_bg_y_mobile&quot;:&quot;&quot;,&quot;jet_parallax_layout_bg_size&quot;:&quot;auto&quot;,&quot;jet_parallax_layout_bg_size_tablet&quot;:&quot;&quot;,&quot;jet_parallax_layout_bg_size_mobile&quot;:&quot;&quot;,&quot;jet_parallax_layout_animation_prop&quot;:&quot;transform&quot;,&quot;jet_parallax_layout_on&quot;:[&quot;desktop&quot;,&quot;tablet&quot;]}]}\">\n\t\t\t\t\t\t<div class=\"elementor-container elementor-column-gap-wider\">\n\t\t\t\t\t<div class=\"elementor-column elementor-col-50 elementor-inner-column elementor-element elementor-element-5a374e9\" data-id=\"5a374e9\" data-element_type=\"column\" data-e-type=\"column\">\n\t\t\t<div class=\"elementor-widget-wrap elementor-element-populated\">\n\t\t\t\t\t\t<div class=\"elementor-element elementor-element-5bb4396 elementor-widget elementor-widget-text-editor\" data-id=\"5bb4396\" data-element_type=\"widget\" data-e-type=\"widget\" data-widget_type=\"text-editor.default\">\n\t\t\t\t<div class=\"elementor-widget-container\">\n\t\t\t\t\t\t\t\t\t<h1>Legal information<\/h1>\n<p><strong>Information in accordance with \u00a7 5 TMG [German Teleservices Act]:<\/strong><br>Kristina Steffens<br>Traduktos \u00dcbersetzungen<br>Rollberg 7<br>22880 Wedel<\/p>\n<p><strong>Contact:<br><\/strong>Phone: <a href=\"tel:+491605563589\">0160 55 63 589<\/a><br>Email: <a href=\"mailto:info@traduktos.de\">info@traduktos.de<\/a><\/p>\n<p><strong>VAT:<\/strong><br>VAT number in accordance with \u00a727 a of the German Value Added Tax Act: DE258434314<\/p>\n<p><strong>Design and technical implementation<\/strong><br><a href=\"https:\/\/www.ytpi.de\/\" target=\"_blank\" rel=\"noopener\">YTPI Internetagentur<\/a><\/p>\t\t\t\t\t\t\t\t<\/div>\n\t\t\t\t<\/div>\n\t\t\t\t\t<\/div>\n\t\t<\/div>\n\t\t\t\t<div class=\"elementor-column elementor-col-50 elementor-inner-column elementor-element elementor-element-eecaec6\" data-id=\"eecaec6\" data-element_type=\"column\" data-e-type=\"column\">\n\t\t\t<div class=\"elementor-widget-wrap elementor-element-populated\">\n\t\t\t\t\t\t<div class=\"elementor-element elementor-element-a65a49a elementor-widget elementor-widget-text-editor\" data-id=\"a65a49a\" data-element_type=\"widget\" data-e-type=\"widget\" data-widget_type=\"text-editor.default\">\n\t\t\t\t<div class=\"elementor-widget-container\">\n\t\t\t\t\t\t\t\t\t<p><strong>General information<\/strong><\/p>\n<p>Although the utmost care has been taken when compiling the content of my web pages, I cannot guarantee the accuracy, completeness or up-to-date nature of the content. As a service provider I am responsible for my own content on these web pages in accordance with general law. However, as a service provider I am not obliged to monitor transmitted or stored information originating from third parties or to search for circumstances indicating a violation of the law. Obligations to remove or block the use of information under general law remain unaffected. Any liability in this respect can however only be incurred from the moment that knowledge of the specific breach of law is obtained. Should any corresponding breaches of the law come to my knowledge, I will remove this content immediately.<\/p>\n<p>My Internet site contains links to external websites of third parties, whose content I have no influence over. Consequently I also cannot assume any liability for this external content. The relevant provider or operator of the web pages is always responsible for the content of the linked web pages. The linked pages were checked for possible legal infringements at the time the link was established. No illegal content could be identified at the time of linking. If I become aware of breaches of the law, I will remove such links immediately.<\/p>\n<p>The content and material created on these web pages by the website operators are subject to German copyright law. The reproduction, processing, dissemination and any kind of use outside of the limits of copyright law require the written consent of the respective author or compiler. Downloads and copies of this site are permitted only for private, not commercial use. Should you become aware of a copyright infringement, please inform me.<\/p>\t\t\t\t\t\t\t\t<\/div>\n\t\t\t\t<\/div>\n\t\t\t\t\t<\/div>\n\t\t<\/div>\n\t\t\t\t\t<\/div>\n\t\t<\/section>\n\t\t\t\t\t<\/div>\n\t\t<\/div>\n\t\t\t\t\t<\/div>\n\t\t<\/section>\n\t\t\t\t<\/div>\n\t\t","protected":false},"excerpt":{"rendered":"<p>Legal information Information in accordance with \u00a7 5 TMG [German Teleservices Act]:Kristina SteffensTraduktos \u00dcbersetzungenRollberg 722880 Wedel Contact:Phone: 0160 55 63 589Email: info@traduktos.de VAT:VAT number in accordance with \u00a727 a of the German Value Added Tax Act: DE258434314 Design and technical implementationYTPI Internetagentur General information Although the utmost care has been taken when compiling the content [&hellip;]<\/p>\n","protected":false},"author":1,"featured_media":0,"parent":0,"menu_order":0,"comment_status":"closed","ping_status":"open","template":"full-width.php","meta":{"_acf_changed":false,"footnotes":""},"class_list":["post-3795","page","type-page","status-publish","hentry"],"acf":[],"yoast_head":"<!-- This site is optimized with the Yoast SEO plugin v27.2 - https:\/\/yoast.com\/product\/yoast-seo-wordpress\/ -->\n<title>Legal information - Traduktos \u00dcbersetzungen<\/title>\n<meta name=\"description\" content=\"Legal information on the company Traduktos \u00dcbersetzungen\" \/>\n<meta name=\"robots\" content=\"index, follow, max-snippet:-1, max-image-preview:large, max-video-preview:-1\" \/>\n<link rel=\"canonical\" href=\"https:\/\/traduktos.de\/en\/legal-information\/\" \/>\n<meta property=\"og:locale\" content=\"en_US\" \/>\n<meta property=\"og:type\" content=\"article\" \/>\n<meta property=\"og:title\" content=\"Legal information - Traduktos \u00dcbersetzungen\" \/>\n<meta property=\"og:description\" content=\"Legal information on the company Traduktos \u00dcbersetzungen\" \/>\n<meta property=\"og:url\" content=\"https:\/\/traduktos.de\/en\/legal-information\/\" \/>\n<meta property=\"og:site_name\" content=\"Traduktos \u00dcbersetzungen\" \/>\n<meta property=\"article:modified_time\" content=\"2025-03-13T11:26:21+00:00\" \/>\n<meta property=\"og:image\" content=\"https:\/\/traduktos.de\/wp-content\/uploads\/2023\/11\/Traduktos-Uebersetzungsbuero-Hamburg.jpg\" \/>\n\t<meta property=\"og:image:width\" content=\"1700\" \/>\n\t<meta property=\"og:image:height\" content=\"1134\" \/>\n\t<meta property=\"og:image:type\" content=\"image\/jpeg\" \/>\n<meta name=\"twitter:card\" content=\"summary_large_image\" \/>\n<meta name=\"twitter:label1\" content=\"Est. reading time\" \/>\n\t<meta name=\"twitter:data1\" content=\"2 minutes\" \/>\n<script type=\"application\/ld+json\" class=\"yoast-schema-graph\">{\"@context\":\"https:\/\/schema.org\",\"@graph\":[{\"@type\":\"WebPage\",\"@id\":\"https:\/\/traduktos.de\/en\/legal-information\/\",\"url\":\"https:\/\/traduktos.de\/en\/legal-information\/\",\"name\":\"Legal information - Traduktos \u00dcbersetzungen\",\"isPartOf\":{\"@id\":\"https:\/\/traduktos.de\/#website\"},\"datePublished\":\"2015-07-10T16:10:00+00:00\",\"dateModified\":\"2025-03-13T11:26:21+00:00\",\"description\":\"Legal information on the company Traduktos \u00dcbersetzungen\",\"breadcrumb\":{\"@id\":\"https:\/\/traduktos.de\/en\/legal-information\/#breadcrumb\"},\"inLanguage\":\"en-US\",\"potentialAction\":[{\"@type\":\"ReadAction\",\"target\":[\"https:\/\/traduktos.de\/en\/legal-information\/\"]}]},{\"@type\":\"BreadcrumbList\",\"@id\":\"https:\/\/traduktos.de\/en\/legal-information\/#breadcrumb\",\"itemListElement\":[{\"@type\":\"ListItem\",\"position\":1,\"name\":\"Startseite\",\"item\":\"https:\/\/traduktos.de\/\"},{\"@type\":\"ListItem\",\"position\":2,\"name\":\"Legal information\"}]},{\"@type\":\"WebSite\",\"@id\":\"https:\/\/traduktos.de\/#website\",\"url\":\"https:\/\/traduktos.de\/\",\"name\":\"Traduktos \u00dcbersetzungen\",\"description\":\"\u00dcbersetzungsb\u00fcro f\u00fcr Englisch und Franz\u00f6sisch\",\"publisher\":{\"@id\":\"https:\/\/traduktos.de\/#organization\"},\"alternateName\":\"Traduktos \u00dcbersetzungen\",\"potentialAction\":[{\"@type\":\"SearchAction\",\"target\":{\"@type\":\"EntryPoint\",\"urlTemplate\":\"https:\/\/traduktos.de\/?s={search_term_string}\"},\"query-input\":{\"@type\":\"PropertyValueSpecification\",\"valueRequired\":true,\"valueName\":\"search_term_string\"}}],\"inLanguage\":\"en-US\"},{\"@type\":\"Organization\",\"@id\":\"https:\/\/traduktos.de\/#organization\",\"name\":\"Traduktos \u00dcbersetzungen\",\"alternateName\":\"Traduktos \u00dcbersetzungen\",\"url\":\"https:\/\/traduktos.de\/\",\"logo\":{\"@type\":\"ImageObject\",\"inLanguage\":\"en-US\",\"@id\":\"https:\/\/traduktos.de\/#\/schema\/logo\/image\/\",\"url\":\"https:\/\/traduktos.de\/wp-content\/uploads\/2023\/11\/Logo-Traduktos-quadratisch.png\",\"contentUrl\":\"https:\/\/traduktos.de\/wp-content\/uploads\/2023\/11\/Logo-Traduktos-quadratisch.png\",\"width\":500,\"height\":500,\"caption\":\"Traduktos \u00dcbersetzungen\"},\"image\":{\"@id\":\"https:\/\/traduktos.de\/#\/schema\/logo\/image\/\"}}]}<\/script>\n<!-- \/ Yoast SEO plugin. -->","yoast_head_json":{"title":"Legal information - Traduktos \u00dcbersetzungen","description":"Legal information on the company Traduktos \u00dcbersetzungen","robots":{"index":"index","follow":"follow","max-snippet":"max-snippet:-1","max-image-preview":"max-image-preview:large","max-video-preview":"max-video-preview:-1"},"canonical":"https:\/\/traduktos.de\/en\/legal-information\/","og_locale":"en_US","og_type":"article","og_title":"Legal information - Traduktos \u00dcbersetzungen","og_description":"Legal information on the company Traduktos \u00dcbersetzungen","og_url":"https:\/\/traduktos.de\/en\/legal-information\/","og_site_name":"Traduktos \u00dcbersetzungen","article_modified_time":"2025-03-13T11:26:21+00:00","og_image":[{"width":1700,"height":1134,"url":"https:\/\/traduktos.de\/wp-content\/uploads\/2023\/11\/Traduktos-Uebersetzungsbuero-Hamburg.jpg","type":"image\/jpeg"}],"twitter_card":"summary_large_image","twitter_misc":{"Est. reading time":"2 minutes"},"schema":{"@context":"https:\/\/schema.org","@graph":[{"@type":"WebPage","@id":"https:\/\/traduktos.de\/en\/legal-information\/","url":"https:\/\/traduktos.de\/en\/legal-information\/","name":"Legal information - Traduktos \u00dcbersetzungen","isPartOf":{"@id":"https:\/\/traduktos.de\/#website"},"datePublished":"2015-07-10T16:10:00+00:00","dateModified":"2025-03-13T11:26:21+00:00","description":"Legal information on the company Traduktos \u00dcbersetzungen","breadcrumb":{"@id":"https:\/\/traduktos.de\/en\/legal-information\/#breadcrumb"},"inLanguage":"en-US","potentialAction":[{"@type":"ReadAction","target":["https:\/\/traduktos.de\/en\/legal-information\/"]}]},{"@type":"BreadcrumbList","@id":"https:\/\/traduktos.de\/en\/legal-information\/#breadcrumb","itemListElement":[{"@type":"ListItem","position":1,"name":"Startseite","item":"https:\/\/traduktos.de\/"},{"@type":"ListItem","position":2,"name":"Legal information"}]},{"@type":"WebSite","@id":"https:\/\/traduktos.de\/#website","url":"https:\/\/traduktos.de\/","name":"Traduktos \u00dcbersetzungen","description":"\u00dcbersetzungsb\u00fcro f\u00fcr Englisch und Franz\u00f6sisch","publisher":{"@id":"https:\/\/traduktos.de\/#organization"},"alternateName":"Traduktos \u00dcbersetzungen","potentialAction":[{"@type":"SearchAction","target":{"@type":"EntryPoint","urlTemplate":"https:\/\/traduktos.de\/?s={search_term_string}"},"query-input":{"@type":"PropertyValueSpecification","valueRequired":true,"valueName":"search_term_string"}}],"inLanguage":"en-US"},{"@type":"Organization","@id":"https:\/\/traduktos.de\/#organization","name":"Traduktos \u00dcbersetzungen","alternateName":"Traduktos \u00dcbersetzungen","url":"https:\/\/traduktos.de\/","logo":{"@type":"ImageObject","inLanguage":"en-US","@id":"https:\/\/traduktos.de\/#\/schema\/logo\/image\/","url":"https:\/\/traduktos.de\/wp-content\/uploads\/2023\/11\/Logo-Traduktos-quadratisch.png","contentUrl":"https:\/\/traduktos.de\/wp-content\/uploads\/2023\/11\/Logo-Traduktos-quadratisch.png","width":500,"height":500,"caption":"Traduktos \u00dcbersetzungen"},"image":{"@id":"https:\/\/traduktos.de\/#\/schema\/logo\/image\/"}}]}},"_links":{"self":[{"href":"https:\/\/traduktos.de\/en\/wp-json\/wp\/v2\/pages\/3795","targetHints":{"allow":["GET"]}}],"collection":[{"href":"https:\/\/traduktos.de\/en\/wp-json\/wp\/v2\/pages"}],"about":[{"href":"https:\/\/traduktos.de\/en\/wp-json\/wp\/v2\/types\/page"}],"author":[{"embeddable":true,"href":"https:\/\/traduktos.de\/en\/wp-json\/wp\/v2\/users\/1"}],"replies":[{"embeddable":true,"href":"https:\/\/traduktos.de\/en\/wp-json\/wp\/v2\/comments?post=3795"}],"version-history":[{"count":6,"href":"https:\/\/traduktos.de\/en\/wp-json\/wp\/v2\/pages\/3795\/revisions"}],"predecessor-version":[{"id":6950,"href":"https:\/\/traduktos.de\/en\/wp-json\/wp\/v2\/pages\/3795\/revisions\/6950"}],"wp:attachment":[{"href":"https:\/\/traduktos.de\/en\/wp-json\/wp\/v2\/media?parent=3795"}],"curies":[{"name":"wp","href":"https:\/\/api.w.org\/{rel}","templated":true}]}}