{"id":4529,"date":"2026-02-16T15:05:14","date_gmt":"2026-02-16T14:05:14","guid":{"rendered":"https:\/\/traduktos.de\/?page_id=4529"},"modified":"2026-02-16T15:05:14","modified_gmt":"2026-02-16T14:05:14","slug":"languages-2","status":"publish","type":"page","link":"https:\/\/traduktos.de\/en\/languages-2\/","title":{"rendered":"Languages"},"content":{"rendered":"\t\t<div data-elementor-type=\"wp-post\" data-elementor-id=\"4529\" class=\"elementor elementor-4529\">\n\t\t\t\t\t\t<section class=\"elementor-section elementor-top-section elementor-element elementor-element-3efe66c9 elementor-section-boxed elementor-section-height-default elementor-section-height-default\" data-id=\"3efe66c9\" data-element_type=\"section\" data-e-type=\"section\" data-settings=\"{&quot;jet_parallax_layout_list&quot;:[{&quot;jet_parallax_layout_image&quot;:{&quot;url&quot;:&quot;&quot;,&quot;id&quot;:&quot;&quot;,&quot;size&quot;:&quot;&quot;},&quot;_id&quot;:&quot;44dfcf3&quot;,&quot;jet_parallax_layout_image_tablet&quot;:{&quot;url&quot;:&quot;&quot;,&quot;id&quot;:&quot;&quot;,&quot;size&quot;:&quot;&quot;},&quot;jet_parallax_layout_image_mobile&quot;:{&quot;url&quot;:&quot;&quot;,&quot;id&quot;:&quot;&quot;,&quot;size&quot;:&quot;&quot;},&quot;jet_parallax_layout_speed&quot;:{&quot;unit&quot;:&quot;%&quot;,&quot;size&quot;:50,&quot;sizes&quot;:[]},&quot;jet_parallax_layout_type&quot;:&quot;scroll&quot;,&quot;jet_parallax_layout_z_index&quot;:&quot;&quot;,&quot;jet_parallax_layout_bg_x&quot;:50,&quot;jet_parallax_layout_bg_y&quot;:50,&quot;jet_parallax_layout_bg_size&quot;:&quot;auto&quot;,&quot;jet_parallax_layout_animation_prop&quot;:&quot;transform&quot;,&quot;jet_parallax_layout_on&quot;:[&quot;desktop&quot;,&quot;tablet&quot;],&quot;jet_parallax_layout_direction&quot;:&quot;1&quot;,&quot;jet_parallax_layout_fx_direction&quot;:null,&quot;jet_parallax_layout_bg_x_tablet&quot;:&quot;&quot;,&quot;jet_parallax_layout_bg_x_mobile&quot;:&quot;&quot;,&quot;jet_parallax_layout_bg_y_tablet&quot;:&quot;&quot;,&quot;jet_parallax_layout_bg_y_mobile&quot;:&quot;&quot;,&quot;jet_parallax_layout_bg_size_tablet&quot;:&quot;&quot;,&quot;jet_parallax_layout_bg_size_mobile&quot;:&quot;&quot;}]}\">\n\t\t\t\t\t\t<div class=\"elementor-container elementor-column-gap-default\">\n\t\t\t\t\t<div class=\"elementor-column elementor-col-66 elementor-top-column elementor-element elementor-element-1ae95ee9\" data-id=\"1ae95ee9\" data-element_type=\"column\" data-e-type=\"column\">\n\t\t\t<div class=\"elementor-widget-wrap elementor-element-populated\">\n\t\t\t\t\t\t<div class=\"elementor-element elementor-element-4792079 elementor-widget elementor-widget-heading\" data-id=\"4792079\" data-element_type=\"widget\" data-e-type=\"widget\" data-widget_type=\"heading.default\">\n\t\t\t\t<div class=\"elementor-widget-container\">\n\t\t\t\t\t<h1 class=\"elementor-heading-title elementor-size-default\">Languages<\/h1>\t\t\t\t<\/div>\n\t\t\t\t<\/div>\n\t\t\t\t<div class=\"elementor-element elementor-element-4d9f40b6 elementor-widget elementor-widget-text-editor\" data-id=\"4d9f40b6\" data-element_type=\"widget\" data-e-type=\"widget\" data-widget_type=\"text-editor.default\">\n\t\t\t\t<div class=\"elementor-widget-container\">\n\t\t\t\t\t\t\t\t\t<p style=\"font-size: 16px;\">There are thousands of different languages and dialects in the world; the distinction between the two is not always clear. Within these languages, in turn, there exist specialist languages for different subject areas. Professional translators and interpreters know all about this.<\/p><p style=\"font-size: 16px;\">Translators produce translations in their mother tongue, taking care that the register of language matches the culture and mentality of the target group and the way the latter expresses itself.<\/p><p style=\"font-size: 16px;\"><strong>We offer translation and interpreting in the following languages:<\/strong><\/p><p style=\"font-size: 16px;\">Albanian, Arabic, Armenian<br \/>Belarusian, Bosnian, Bulgarian,<br \/>Catalan, Chinese, Croatian, Czech<br \/>Dari, Danish, Dutch<br \/>English, Estonian<br \/>Farsi (Persian), Finnish, French<br \/>Georgian, German, Greek<br \/>Hebrew, Hindi, Hungarian<br \/>Indonesian, Italian<br \/>Japanese<br \/>Khmer, Korean, Kurdish,<br \/>Lao, Latvian, Lithuanian<br \/>Macedonian, Moldovan, Montenegrin,<br \/>Norwegian<br \/>Polish, Portuguese, Punjabi<br \/>Rumanian, Russian<br \/>Serbian, Singhalese, Slovak, Slovene, Somali, Spanish, Swedish<br \/>Tagalog, Tamil, Thai, Turkish<br \/>Ukrainian, Urdu<br \/>Vietnamese<\/p><p style=\"font-size: 16px;\"><strong>This is just a selection. We translate and interpret in many other languages too.<\/strong><\/p><p style=\"font-size: 16px;\">You can find additional information on professional translations in English at:<\/p><p><a href=\"https:\/\/traduktos.de\/en\/translations-german-english-and-english-german\/\">German-English and English-German<\/a><\/p>\t\t\t\t\t\t\t\t<\/div>\n\t\t\t\t<\/div>\n\t\t\t\t\t<\/div>\n\t\t<\/div>\n\t\t\t\t<div class=\"elementor-column elementor-col-33 elementor-top-column elementor-element elementor-element-00f0afd\" data-id=\"00f0afd\" data-element_type=\"column\" data-e-type=\"column\">\n\t\t\t<div class=\"elementor-widget-wrap elementor-element-populated\">\n\t\t\t\t\t\t<div class=\"elementor-element elementor-element-fd3a021 elementor-widget elementor-widget-heading\" data-id=\"fd3a021\" data-element_type=\"widget\" data-e-type=\"widget\" data-widget_type=\"heading.default\">\n\t\t\t\t<div class=\"elementor-widget-container\">\n\t\t\t\t\t<h3 class=\"elementor-heading-title elementor-size-default\">The benefits to you<\/h3>\t\t\t\t<\/div>\n\t\t\t\t<\/div>\n\t\t\t\t<div class=\"elementor-element elementor-element-9dcf6cc elementor-icon-list--layout-traditional elementor-list-item-link-full_width elementor-widget elementor-widget-icon-list\" data-id=\"9dcf6cc\" data-element_type=\"widget\" data-e-type=\"widget\" data-widget_type=\"icon-list.default\">\n\t\t\t\t<div class=\"elementor-widget-container\">\n\t\t\t\t\t\t\t<ul class=\"elementor-icon-list-items\">\n\t\t\t\t\t\t\t<li class=\"elementor-icon-list-item\">\n\t\t\t\t\t\t\t\t\t\t\t<span class=\"elementor-icon-list-icon\">\n\t\t\t\t\t\t\t<i aria-hidden=\"true\" class=\"fas fa-check\"><\/i>\t\t\t\t\t\t<\/span>\n\t\t\t\t\t\t\t\t\t\t<span class=\"elementor-icon-list-text\">Personal consultation included<\/span>\n\t\t\t\t\t\t\t\t\t<\/li>\n\t\t\t\t\t\t\t\t<li class=\"elementor-icon-list-item\">\n\t\t\t\t\t\t\t\t\t\t\t<span class=\"elementor-icon-list-icon\">\n\t\t\t\t\t\t\t<i aria-hidden=\"true\" class=\"fas fa-check\"><\/i>\t\t\t\t\t\t<\/span>\n\t\t\t\t\t\t\t\t\t\t<span class=\"elementor-icon-list-text\">Many years of experience<\/span>\n\t\t\t\t\t\t\t\t\t<\/li>\n\t\t\t\t\t\t\t\t<li class=\"elementor-icon-list-item\">\n\t\t\t\t\t\t\t\t\t\t\t<span class=\"elementor-icon-list-icon\">\n\t\t\t\t\t\t\t<i aria-hidden=\"true\" class=\"fas fa-check\"><\/i>\t\t\t\t\t\t<\/span>\n\t\t\t\t\t\t\t\t\t\t<span class=\"elementor-icon-list-text\">Quality assurance <\/span>\n\t\t\t\t\t\t\t\t\t<\/li>\n\t\t\t\t\t\t\t\t<li class=\"elementor-icon-list-item\">\n\t\t\t\t\t\t\t\t\t\t\t<span class=\"elementor-icon-list-icon\">\n\t\t\t\t\t\t\t<i aria-hidden=\"true\" class=\"fas fa-check\"><\/i>\t\t\t\t\t\t<\/span>\n\t\t\t\t\t\t\t\t\t\t<span class=\"elementor-icon-list-text\">Adherence to deadlines<\/span>\n\t\t\t\t\t\t\t\t\t<\/li>\n\t\t\t\t\t\t<\/ul>\n\t\t\t\t\t\t<\/div>\n\t\t\t\t<\/div>\n\t\t\t\t<div class=\"elementor-element elementor-element-d082516 call-us elementor-widget elementor-widget-icon-box\" data-id=\"d082516\" data-element_type=\"widget\" data-e-type=\"widget\" data-widget_type=\"icon-box.default\">\n\t\t\t\t<div class=\"elementor-widget-container\">\n\t\t\t\t\t\t\t<div class=\"elementor-icon-box-wrapper\">\n\n\t\t\t\n\t\t\t\t\t\t<div class=\"elementor-icon-box-content\">\n\n\t\t\t\t\t\t\t\t\t<p class=\"elementor-icon-box-title\">\n\t\t\t\t\t\t<span  >\n\t\t\t\t\t\t\tContact us\t\t\t\t\t\t<\/span>\n\t\t\t\t\t<\/p>\n\t\t\t\t\n\t\t\t\t\t\t\t\t\t<p class=\"elementor-icon-box-description\">\n\t\t\t\t\t\t<a href=\"mailto:info@traduktos.de\">info@traduktos.de<\/a><br \/>\n<a href=\"tel:+491605563589\">+49 (0) 511 - 89 84 181<\/a>\t\t\t\t\t<\/p>\n\t\t\t\t\n\t\t\t<\/div>\n\t\t\t\n\t\t<\/div>\n\t\t\t\t\t\t<\/div>\n\t\t\t\t<\/div>\n\t\t\t\t\t<\/div>\n\t\t<\/div>\n\t\t\t\t\t<\/div>\n\t\t<\/section>\n\t\t\t\t<section class=\"elementor-section elementor-top-section elementor-element elementor-element-6c75a17a elementor-section-stretched elementor-section-boxed elementor-section-height-default elementor-section-height-default\" data-id=\"6c75a17a\" data-element_type=\"section\" data-e-type=\"section\" data-settings=\"{&quot;stretch_section&quot;:&quot;section-stretched&quot;,&quot;jet_parallax_layout_list&quot;:[{&quot;jet_parallax_layout_image&quot;:{&quot;url&quot;:&quot;&quot;,&quot;id&quot;:&quot;&quot;,&quot;size&quot;:&quot;&quot;},&quot;_id&quot;:&quot;f6eea2e&quot;,&quot;jet_parallax_layout_image_tablet&quot;:{&quot;url&quot;:&quot;&quot;,&quot;id&quot;:&quot;&quot;,&quot;size&quot;:&quot;&quot;},&quot;jet_parallax_layout_image_mobile&quot;:{&quot;url&quot;:&quot;&quot;,&quot;id&quot;:&quot;&quot;,&quot;size&quot;:&quot;&quot;},&quot;jet_parallax_layout_speed&quot;:{&quot;unit&quot;:&quot;%&quot;,&quot;size&quot;:50,&quot;sizes&quot;:[]},&quot;jet_parallax_layout_type&quot;:&quot;scroll&quot;,&quot;jet_parallax_layout_z_index&quot;:&quot;&quot;,&quot;jet_parallax_layout_bg_x&quot;:50,&quot;jet_parallax_layout_bg_y&quot;:50,&quot;jet_parallax_layout_bg_size&quot;:&quot;auto&quot;,&quot;jet_parallax_layout_animation_prop&quot;:&quot;transform&quot;,&quot;jet_parallax_layout_on&quot;:[&quot;desktop&quot;,&quot;tablet&quot;],&quot;jet_parallax_layout_direction&quot;:&quot;1&quot;,&quot;jet_parallax_layout_fx_direction&quot;:null,&quot;jet_parallax_layout_bg_x_tablet&quot;:&quot;&quot;,&quot;jet_parallax_layout_bg_x_mobile&quot;:&quot;&quot;,&quot;jet_parallax_layout_bg_y_tablet&quot;:&quot;&quot;,&quot;jet_parallax_layout_bg_y_mobile&quot;:&quot;&quot;,&quot;jet_parallax_layout_bg_size_tablet&quot;:&quot;&quot;,&quot;jet_parallax_layout_bg_size_mobile&quot;:&quot;&quot;}],&quot;background_background&quot;:&quot;classic&quot;}\">\n\t\t\t\t\t\t<div class=\"elementor-container elementor-column-gap-default\">\n\t\t\t\t\t<div class=\"elementor-column elementor-col-100 elementor-top-column elementor-element elementor-element-6678d777\" data-id=\"6678d777\" data-element_type=\"column\" data-e-type=\"column\">\n\t\t\t<div class=\"elementor-widget-wrap elementor-element-populated\">\n\t\t\t\t\t\t<div class=\"elementor-element elementor-element-2383c8e elementor-widget elementor-widget-heading\" data-id=\"2383c8e\" data-element_type=\"widget\" data-e-type=\"widget\" data-widget_type=\"heading.default\">\n\t\t\t\t<div class=\"elementor-widget-container\">\n\t\t\t\t\t<h2 class=\"elementor-heading-title elementor-size-default\">We will be pleased to support you with your translations<\/h2>\t\t\t\t<\/div>\n\t\t\t\t<\/div>\n\t\t\t\t<div class=\"elementor-element elementor-element-705baefd elementor-widget elementor-widget-text-editor\" data-id=\"705baefd\" data-element_type=\"widget\" data-e-type=\"widget\" data-widget_type=\"text-editor.default\">\n\t\t\t\t<div class=\"elementor-widget-container\">\n\t\t\t\t\t\t\t\t\t<p>Harness your international potential as a company with the aid of professional assistance from our translation and interpreting services. Please request a no-obligation quote.<\/p>\t\t\t\t\t\t\t\t<\/div>\n\t\t\t\t<\/div>\n\t\t\t\t<div class=\"elementor-element elementor-element-7a940633 elementor-align-left elementor-hidden-phone elementor-widget elementor-widget-button\" data-id=\"7a940633\" data-element_type=\"widget\" data-e-type=\"widget\" data-widget_type=\"button.default\">\n\t\t\t\t<div class=\"elementor-widget-container\">\n\t\t\t\t\t\t\t\t\t<div class=\"elementor-button-wrapper\">\n\t\t\t\t\t<a class=\"elementor-button elementor-button-link elementor-size-xl\" href=\"https:\/\/traduktos.de\/en\/your-no-obligation-quote\/\">\n\t\t\t\t\t\t<span class=\"elementor-button-content-wrapper\">\n\t\t\t\t\t\t<span class=\"elementor-button-icon\">\n\t\t\t\t<i aria-hidden=\"true\" class=\"fas fa-angle-double-right\"><\/i>\t\t\t<\/span>\n\t\t\t\t\t\t\t\t\t<span class=\"elementor-button-text\">Request a no-obligation quote<\/span>\n\t\t\t\t\t<\/span>\n\t\t\t\t\t<\/a>\n\t\t\t\t<\/div>\n\t\t\t\t\t\t\t\t<\/div>\n\t\t\t\t<\/div>\n\t\t\t\t<div class=\"elementor-element elementor-element-32bd823 elementor-align-left get-quote elementor-hidden-desktop elementor-hidden-tablet elementor-widget elementor-widget-button\" data-id=\"32bd823\" data-element_type=\"widget\" data-e-type=\"widget\" data-widget_type=\"button.default\">\n\t\t\t\t<div class=\"elementor-widget-container\">\n\t\t\t\t\t\t\t\t\t<div class=\"elementor-button-wrapper\">\n\t\t\t\t\t<a class=\"elementor-button elementor-button-link elementor-size-xs\" href=\"https:\/\/traduktos.de\/en\/your-no-obligation-quote\/\">\n\t\t\t\t\t\t<span class=\"elementor-button-content-wrapper\">\n\t\t\t\t\t\t<span class=\"elementor-button-icon\">\n\t\t\t\t<i aria-hidden=\"true\" class=\"fas fa-angle-double-right\"><\/i>\t\t\t<\/span>\n\t\t\t\t\t\t\t\t\t<span class=\"elementor-button-text\">Request a no-obligation quote<\/span>\n\t\t\t\t\t<\/span>\n\t\t\t\t\t<\/a>\n\t\t\t\t<\/div>\n\t\t\t\t\t\t\t\t<\/div>\n\t\t\t\t<\/div>\n\t\t\t\t\t<\/div>\n\t\t<\/div>\n\t\t\t\t\t<\/div>\n\t\t<\/section>\n\t\t\t\t<section class=\"elementor-section elementor-top-section elementor-element elementor-element-3d0e41eb elementor-section-stretched elementor-section-full_width elementor-section-height-default elementor-section-height-default\" data-id=\"3d0e41eb\" data-element_type=\"section\" data-e-type=\"section\" data-settings=\"{&quot;stretch_section&quot;:&quot;section-stretched&quot;,&quot;jet_parallax_layout_list&quot;:[{&quot;jet_parallax_layout_image&quot;:{&quot;url&quot;:&quot;&quot;,&quot;id&quot;:&quot;&quot;,&quot;size&quot;:&quot;&quot;},&quot;_id&quot;:&quot;ff5b920&quot;,&quot;jet_parallax_layout_image_tablet&quot;:{&quot;url&quot;:&quot;&quot;,&quot;id&quot;:&quot;&quot;,&quot;size&quot;:&quot;&quot;},&quot;jet_parallax_layout_image_mobile&quot;:{&quot;url&quot;:&quot;&quot;,&quot;id&quot;:&quot;&quot;,&quot;size&quot;:&quot;&quot;},&quot;jet_parallax_layout_speed&quot;:{&quot;unit&quot;:&quot;%&quot;,&quot;size&quot;:50,&quot;sizes&quot;:[]},&quot;jet_parallax_layout_type&quot;:&quot;scroll&quot;,&quot;jet_parallax_layout_z_index&quot;:&quot;&quot;,&quot;jet_parallax_layout_bg_x&quot;:50,&quot;jet_parallax_layout_bg_y&quot;:50,&quot;jet_parallax_layout_bg_size&quot;:&quot;auto&quot;,&quot;jet_parallax_layout_animation_prop&quot;:&quot;transform&quot;,&quot;jet_parallax_layout_on&quot;:[&quot;desktop&quot;,&quot;tablet&quot;],&quot;jet_parallax_layout_direction&quot;:&quot;1&quot;,&quot;jet_parallax_layout_fx_direction&quot;:null,&quot;jet_parallax_layout_bg_x_tablet&quot;:&quot;&quot;,&quot;jet_parallax_layout_bg_x_mobile&quot;:&quot;&quot;,&quot;jet_parallax_layout_bg_y_tablet&quot;:&quot;&quot;,&quot;jet_parallax_layout_bg_y_mobile&quot;:&quot;&quot;,&quot;jet_parallax_layout_bg_size_tablet&quot;:&quot;&quot;,&quot;jet_parallax_layout_bg_size_mobile&quot;:&quot;&quot;}],&quot;background_background&quot;:&quot;classic&quot;}\">\n\t\t\t\t\t\t<div class=\"elementor-container elementor-column-gap-default\">\n\t\t\t\t\t<div class=\"elementor-column elementor-col-100 elementor-top-column elementor-element elementor-element-49164e1f\" data-id=\"49164e1f\" data-element_type=\"column\" data-e-type=\"column\">\n\t\t\t<div class=\"elementor-widget-wrap elementor-element-populated\">\n\t\t\t\t\t\t<div class=\"elementor-element elementor-element-28a15990 elementor-widget-divider--view-line elementor-widget elementor-widget-divider\" data-id=\"28a15990\" data-element_type=\"widget\" data-e-type=\"widget\" data-widget_type=\"divider.default\">\n\t\t\t\t<div class=\"elementor-widget-container\">\n\t\t\t\t\t\t\t<div class=\"elementor-divider\">\n\t\t\t<span class=\"elementor-divider-separator\">\n\t\t\t\t\t\t<\/span>\n\t\t<\/div>\n\t\t\t\t\t\t<\/div>\n\t\t\t\t<\/div>\n\t\t\t\t\t<\/div>\n\t\t<\/div>\n\t\t\t\t\t<\/div>\n\t\t<\/section>\n\t\t\t\t<\/div>\n\t\t","protected":false},"excerpt":{"rendered":"<p>Languages There are thousands of different languages and dialects in the world; the distinction between the two is not always clear. Within these languages, in turn, there exist specialist languages for different subject areas. Professional translators and interpreters know all about this. Translators produce translations in their mother tongue, taking care that the register of [&hellip;]<\/p>\n","protected":false},"author":1,"featured_media":0,"parent":0,"menu_order":0,"comment_status":"closed","ping_status":"open","template":"","meta":{"_acf_changed":false,"footnotes":""},"class_list":["post-4529","page","type-page","status-publish","hentry"],"acf":[],"yoast_head":"<!-- This site is optimized with the Yoast SEO plugin v27.4 - https:\/\/yoast.com\/product\/yoast-seo-wordpress\/ -->\n<title>Languages, Translation, Interpreting, Hannover<\/title>\n<meta name=\"description\" content=\"Wide range of languages: Traduktos \u00dcbersetzungen offers professional translations by specialist native translators.\" \/>\n<meta name=\"robots\" content=\"index, follow, max-snippet:-1, max-image-preview:large, max-video-preview:-1\" \/>\n<link rel=\"canonical\" href=\"https:\/\/traduktos.de\/en\/languages-2\/\" \/>\n<meta property=\"og:locale\" content=\"en_US\" \/>\n<meta property=\"og:type\" content=\"article\" \/>\n<meta property=\"og:title\" content=\"Languages, Translation, Interpreting, Hannover\" \/>\n<meta property=\"og:description\" content=\"Wide range of languages: Traduktos \u00dcbersetzungen offers professional translations by specialist native translators.\" \/>\n<meta property=\"og:url\" content=\"https:\/\/traduktos.de\/en\/languages-2\/\" \/>\n<meta property=\"og:site_name\" content=\"Traduktos \u00dcbersetzungen\" \/>\n<meta property=\"og:image\" content=\"https:\/\/traduktos.de\/wp-content\/uploads\/2023\/11\/Traduktos-Uebersetzungsbuero-Hamburg.jpg\" \/>\n\t<meta property=\"og:image:width\" content=\"1700\" \/>\n\t<meta property=\"og:image:height\" content=\"1134\" \/>\n\t<meta property=\"og:image:type\" content=\"image\/jpeg\" \/>\n<meta name=\"twitter:card\" content=\"summary_large_image\" \/>\n<meta name=\"twitter:label1\" content=\"Est. reading time\" \/>\n\t<meta name=\"twitter:data1\" content=\"2 minutes\" \/>\n<script type=\"application\/ld+json\" class=\"yoast-schema-graph\">{\"@context\":\"https:\\\/\\\/schema.org\",\"@graph\":[{\"@type\":\"WebPage\",\"@id\":\"https:\\\/\\\/traduktos.de\\\/en\\\/languages-2\\\/\",\"url\":\"https:\\\/\\\/traduktos.de\\\/en\\\/languages-2\\\/\",\"name\":\"Languages, Translation, Interpreting, Hannover\",\"isPartOf\":{\"@id\":\"https:\\\/\\\/traduktos.de\\\/#website\"},\"datePublished\":\"2026-02-16T14:05:14+00:00\",\"description\":\"Wide range of languages: Traduktos \u00dcbersetzungen offers professional translations by specialist native translators.\",\"breadcrumb\":{\"@id\":\"https:\\\/\\\/traduktos.de\\\/en\\\/languages-2\\\/#breadcrumb\"},\"inLanguage\":\"en-US\",\"potentialAction\":[{\"@type\":\"ReadAction\",\"target\":[\"https:\\\/\\\/traduktos.de\\\/en\\\/languages-2\\\/\"]}]},{\"@type\":\"BreadcrumbList\",\"@id\":\"https:\\\/\\\/traduktos.de\\\/en\\\/languages-2\\\/#breadcrumb\",\"itemListElement\":[{\"@type\":\"ListItem\",\"position\":1,\"name\":\"Startseite\",\"item\":\"https:\\\/\\\/traduktos.de\\\/\"},{\"@type\":\"ListItem\",\"position\":2,\"name\":\"Languages\"}]},{\"@type\":\"WebSite\",\"@id\":\"https:\\\/\\\/traduktos.de\\\/#website\",\"url\":\"https:\\\/\\\/traduktos.de\\\/\",\"name\":\"Traduktos \u00dcbersetzungen\",\"description\":\"\u00dcbersetzungsb\u00fcro f\u00fcr Englisch und Franz\u00f6sisch\",\"publisher\":{\"@id\":\"https:\\\/\\\/traduktos.de\\\/#organization\"},\"alternateName\":\"Traduktos \u00dcbersetzungen\",\"potentialAction\":[{\"@type\":\"SearchAction\",\"target\":{\"@type\":\"EntryPoint\",\"urlTemplate\":\"https:\\\/\\\/traduktos.de\\\/?s={search_term_string}\"},\"query-input\":{\"@type\":\"PropertyValueSpecification\",\"valueRequired\":true,\"valueName\":\"search_term_string\"}}],\"inLanguage\":\"en-US\"},{\"@type\":\"Organization\",\"@id\":\"https:\\\/\\\/traduktos.de\\\/#organization\",\"name\":\"Traduktos \u00dcbersetzungen\",\"alternateName\":\"Traduktos \u00dcbersetzungen\",\"url\":\"https:\\\/\\\/traduktos.de\\\/\",\"logo\":{\"@type\":\"ImageObject\",\"inLanguage\":\"en-US\",\"@id\":\"https:\\\/\\\/traduktos.de\\\/#\\\/schema\\\/logo\\\/image\\\/\",\"url\":\"https:\\\/\\\/traduktos.de\\\/wp-content\\\/uploads\\\/2023\\\/11\\\/Logo-Traduktos-quadratisch.png\",\"contentUrl\":\"https:\\\/\\\/traduktos.de\\\/wp-content\\\/uploads\\\/2023\\\/11\\\/Logo-Traduktos-quadratisch.png\",\"width\":500,\"height\":500,\"caption\":\"Traduktos \u00dcbersetzungen\"},\"image\":{\"@id\":\"https:\\\/\\\/traduktos.de\\\/#\\\/schema\\\/logo\\\/image\\\/\"}}]}<\/script>\n<!-- \/ Yoast SEO plugin. -->","yoast_head_json":{"title":"Languages, Translation, Interpreting, Hannover","description":"Wide range of languages: Traduktos \u00dcbersetzungen offers professional translations by specialist native translators.","robots":{"index":"index","follow":"follow","max-snippet":"max-snippet:-1","max-image-preview":"max-image-preview:large","max-video-preview":"max-video-preview:-1"},"canonical":"https:\/\/traduktos.de\/en\/languages-2\/","og_locale":"en_US","og_type":"article","og_title":"Languages, Translation, Interpreting, Hannover","og_description":"Wide range of languages: Traduktos \u00dcbersetzungen offers professional translations by specialist native translators.","og_url":"https:\/\/traduktos.de\/en\/languages-2\/","og_site_name":"Traduktos \u00dcbersetzungen","og_image":[{"width":1700,"height":1134,"url":"https:\/\/traduktos.de\/wp-content\/uploads\/2023\/11\/Traduktos-Uebersetzungsbuero-Hamburg.jpg","type":"image\/jpeg"}],"twitter_card":"summary_large_image","twitter_misc":{"Est. reading time":"2 minutes"},"schema":{"@context":"https:\/\/schema.org","@graph":[{"@type":"WebPage","@id":"https:\/\/traduktos.de\/en\/languages-2\/","url":"https:\/\/traduktos.de\/en\/languages-2\/","name":"Languages, Translation, Interpreting, Hannover","isPartOf":{"@id":"https:\/\/traduktos.de\/#website"},"datePublished":"2026-02-16T14:05:14+00:00","description":"Wide range of languages: Traduktos \u00dcbersetzungen offers professional translations by specialist native translators.","breadcrumb":{"@id":"https:\/\/traduktos.de\/en\/languages-2\/#breadcrumb"},"inLanguage":"en-US","potentialAction":[{"@type":"ReadAction","target":["https:\/\/traduktos.de\/en\/languages-2\/"]}]},{"@type":"BreadcrumbList","@id":"https:\/\/traduktos.de\/en\/languages-2\/#breadcrumb","itemListElement":[{"@type":"ListItem","position":1,"name":"Startseite","item":"https:\/\/traduktos.de\/"},{"@type":"ListItem","position":2,"name":"Languages"}]},{"@type":"WebSite","@id":"https:\/\/traduktos.de\/#website","url":"https:\/\/traduktos.de\/","name":"Traduktos \u00dcbersetzungen","description":"\u00dcbersetzungsb\u00fcro f\u00fcr Englisch und Franz\u00f6sisch","publisher":{"@id":"https:\/\/traduktos.de\/#organization"},"alternateName":"Traduktos \u00dcbersetzungen","potentialAction":[{"@type":"SearchAction","target":{"@type":"EntryPoint","urlTemplate":"https:\/\/traduktos.de\/?s={search_term_string}"},"query-input":{"@type":"PropertyValueSpecification","valueRequired":true,"valueName":"search_term_string"}}],"inLanguage":"en-US"},{"@type":"Organization","@id":"https:\/\/traduktos.de\/#organization","name":"Traduktos \u00dcbersetzungen","alternateName":"Traduktos \u00dcbersetzungen","url":"https:\/\/traduktos.de\/","logo":{"@type":"ImageObject","inLanguage":"en-US","@id":"https:\/\/traduktos.de\/#\/schema\/logo\/image\/","url":"https:\/\/traduktos.de\/wp-content\/uploads\/2023\/11\/Logo-Traduktos-quadratisch.png","contentUrl":"https:\/\/traduktos.de\/wp-content\/uploads\/2023\/11\/Logo-Traduktos-quadratisch.png","width":500,"height":500,"caption":"Traduktos \u00dcbersetzungen"},"image":{"@id":"https:\/\/traduktos.de\/#\/schema\/logo\/image\/"}}]}},"_links":{"self":[{"href":"https:\/\/traduktos.de\/en\/wp-json\/wp\/v2\/pages\/4529","targetHints":{"allow":["GET"]}}],"collection":[{"href":"https:\/\/traduktos.de\/en\/wp-json\/wp\/v2\/pages"}],"about":[{"href":"https:\/\/traduktos.de\/en\/wp-json\/wp\/v2\/types\/page"}],"author":[{"embeddable":true,"href":"https:\/\/traduktos.de\/en\/wp-json\/wp\/v2\/users\/1"}],"replies":[{"embeddable":true,"href":"https:\/\/traduktos.de\/en\/wp-json\/wp\/v2\/comments?post=4529"}],"version-history":[{"count":1,"href":"https:\/\/traduktos.de\/en\/wp-json\/wp\/v2\/pages\/4529\/revisions"}],"predecessor-version":[{"id":7132,"href":"https:\/\/traduktos.de\/en\/wp-json\/wp\/v2\/pages\/4529\/revisions\/7132"}],"wp:attachment":[{"href":"https:\/\/traduktos.de\/en\/wp-json\/wp\/v2\/media?parent=4529"}],"curies":[{"name":"wp","href":"https:\/\/api.w.org\/{rel}","templated":true}]}}